{"id":995,"date":"2023-11-08T10:35:56","date_gmt":"2023-11-08T09:35:56","guid":{"rendered":"https:\/\/1.sti-consulting.de\/?page_id=995"},"modified":"2024-02-15T14:04:42","modified_gmt":"2024-02-15T13:04:42","slug":"artificial-intelligence-services-advisory","status":"publish","type":"page","link":"https:\/\/sti-consulting.com\/en\/artificial-intelligence-services-advisory\/","title":{"rendered":"Artificial Intelligence Services"},"content":{"rendered":"<section class=\"l-section wpb_row us_custom_76dcf46d height_medium\"><div class=\"l-section-h i-cf\"><div class=\"g-cols vc_row via_grid cols_2 laptops-cols_inherit tablets-cols_inherit mobiles-cols_1 valign_top type_default stacking_default\"><div class=\"wpb_column vc_column_container\"><div class=\"vc_column-inner\"><div class=\"wpb_text_column\"><div class=\"wpb_wrapper\"><h1>Artificial Intelligence<br \/>\nServices<\/h1>\n<\/div><\/div><div class=\"w-separator size_medium\"><\/div><div class=\"wpb_text_column\"><div class=\"wpb_wrapper\"><p>K\u00fcnstliche Intelligenz (KI) hat in den letzten Jahren enorme Fortschritte gemacht. Von diversen Sprach- und Bilderkennungssystemen bis hin zu personalisierten Unterhaltungsempfehlungen bietet KI eine breite Palette von Anwendungen.<\/p>\n<p>Bei der gekonnten Aufarbeitung der notwendigen Datenbasis, dem Aufsetzen der KI und der DSGVO-konformen Anwendung, unterst\u00fctzen Sie unsere Experten.<\/p>\n<\/div><\/div><div class=\"w-separator size_medium\"><\/div><div class=\"w-btn-wrapper align_left\"><a class=\"w-btn us-btn-style_1\" href=\"\/artificial-intelligence-services-advisory\/#kontakt\"><span class=\"w-btn-label\">JETZT INFORMIEREN<\/span><\/a><\/div><\/div><\/div><div class=\"wpb_column vc_column_container hide_on_tablets hide_on_mobiles\"><div class=\"vc_column-inner\"><div class=\"w-image align_left\"><div class=\"w-image-h\"><img decoding=\"async\" width=\"711\" height=\"896\" src=\"https:\/\/sti-consulting.com\/wp-content\/uploads\/2023\/11\/STI_Artificial-Intelligence-Landingpage-Titelbild.png\" class=\"attachment-large size-large\" alt=\"Artificial Intelligence Services\" loading=\"lazy\" srcset=\"https:\/\/sti-consulting.com\/wp-content\/uploads\/2023\/11\/STI_Artificial-Intelligence-Landingpage-Titelbild.png 711w, https:\/\/sti-consulting.com\/wp-content\/uploads\/2023\/11\/STI_Artificial-Intelligence-Landingpage-Titelbild-238x300.png 238w\" sizes=\"auto, (max-width: 711px) 100vw, 711px\" \/><\/div><\/div><\/div><\/div><\/div><\/div><\/section><section class=\"l-section wpb_row height_medium\"><div class=\"l-section-h i-cf\"><div class=\"g-cols vc_row via_grid cols_1 laptops-cols_inherit tablets-cols_inherit mobiles-cols_1 valign_top type_default stacking_default\"><div class=\"wpb_column vc_column_container\"><div class=\"vc_column-inner\"><div class=\"wpb_text_column us_custom_ee65ba4f has_text_color\"><div class=\"wpb_wrapper\"><p><strong>ADIOS &#8220;COLD-START-PROBLEM&#8221;<\/strong><\/p>\n<\/div><\/div><div class=\"wpb_text_column\"><div class=\"wpb_wrapper\"><h2>Chancen der KI-Nutzung f\u00fcr kleine und mittlere Unternehmen<\/h2>\n<\/div><\/div><div class=\"w-separator size_small\"><\/div><div class=\"wpb_text_column\"><div class=\"wpb_wrapper\"><p>Die meisten dieser Applikationen m\u00fcssen mit einer sehr gro\u00dfen Menge an Daten gespeist werden. Diese Tatsache hat vor allem kleinere Unternehmen mit geringeren Ressourcen abgeschreckt, einen genaueren Blick auf das wachsende Potenzial von K\u00fcnstlicher Intelligenz zu werfen.<\/p>\n<p>Dies \u00e4nderte sich jedoch schlagartig mit der Einf\u00fchrung von bereits umfassend vortrainierten Modellen wie beispielsweise GPT, welches f\u00fcr ChatGPT verwendet wird. Dank dieser Modelle l\u00f6st sich das sogenannte \u201eCold Start\u201c-Problem, bei dem eine gewisse kritische Menge an Daten je nach Modell ben\u00f6tigt wird, um KI effektiv einsetzen zu k\u00f6nnen. Ist dieses Problem bew\u00e4ltigt, \u00f6ffnet sich T\u00fcr und Tor f\u00fcr Unternehmen jeglicher Gr\u00f6\u00dfe, das Potenzial K\u00fcnstlicher Intelligenz f\u00fcr sich zu nutzen.<\/p>\n<\/div><\/div><div class=\"w-separator size_medium\"><\/div><div class=\"w-image align_center\"><div class=\"w-image-h\"><img decoding=\"async\" width=\"1024\" height=\"1024\" src=\"https:\/\/sti-consulting.com\/wp-content\/uploads\/2023\/11\/Grafik_AISA-1.svg\" class=\"attachment-large size-large\" alt=\"\" loading=\"lazy\" \/><\/div><\/div><\/div><\/div><\/div><\/div><\/section><section class=\"l-section wpb_row height_medium\"><div class=\"l-section-h i-cf\"><div class=\"g-cols vc_row via_grid cols_1 laptops-cols_inherit tablets-cols_inherit mobiles-cols_1 valign_top type_default stacking_default\"><div class=\"wpb_column vc_column_container\"><div class=\"vc_column-inner\"><div class=\"wpb_text_column\"><div class=\"wpb_wrapper\"><h3 style=\"text-align: center;\">Der STI Ansatz von AI Readiness bis AI Empowerment<\/h3>\n<\/div><\/div><div class=\"w-separator size_small\"><\/div><div class=\"wpb_text_column\"><div class=\"wpb_wrapper\"><p style=\"text-align: center;\">Der ganzheitliche STI-Ansatz beginnt bei der Identifizierung und der Aufbereitung der Daten, um KI effektiv und sinnvoll einsetzen zu k\u00f6nnen. Dabei greifen wir sowohl auf vortrainierte Systeme, als auch individuelle Daten zur\u00fcck.<\/p>\n<\/div><\/div><\/div><\/div><\/div><\/div><\/section><section class=\"l-section wpb_row hide_on_tablets hide_on_mobiles height_medium\" id=\"desktop\"><div class=\"l-section-h i-cf\"><div class=\"g-cols vc_row via_grid cols_1 laptops-cols_inherit tablets-cols_inherit mobiles-cols_1 valign_top type_default stacking_default\"><div class=\"wpb_column vc_column_container\"><div class=\"vc_column-inner\"><div class=\"wpb_text_column us_custom_a574d586 rotate has_text_color\"><div class=\"wpb_wrapper\"><h4>AI READINESS<\/h4>\n<\/div><\/div><div class=\"w-separator size_small\"><\/div><div class=\"g-cols wpb_row via_grid cols_1 laptops-cols_inherit tablets-cols_inherit mobiles-cols_1 valign_top type_default stacking_default\" style=\"--columns-gap:3rem;\"><div class=\"wpb_column vc_column_container\"><div class=\"vc_column-inner\"><div class=\"w-hwrapper valign_middle align_none\" style=\"--hwrapper-gap:2.30rem\"><div class=\"w-flipbox animation_cubetilt direction_w\"><div class=\"w-flipbox-h easing_ease\" style=\"transition-duration:0.5s;\"><div class=\"w-flipbox-hh\"><div class=\"w-flipbox-front us_custom_589a5a04\"><div class=\"w-flipbox-front-h\"><div class=\"w-flipbox-front-icon type_image\" style=\"width:4rem;\"><img loading=\"lazy\" decoding=\"async\" width=\"300\" height=\"300\" src=\"https:\/\/sti-consulting.com\/wp-content\/uploads\/2023\/08\/Icon_Magnifier.svg\" class=\"attachment-medium size-medium\" alt=\"\" \/><\/div><h5 class=\"w-flipbox-front-title\">ANALYSE DES UNTERNEHMENS<\/h5><\/div><\/div><div class=\"w-flipbox-back us_custom_589a5a04\" style=\"display:none;\"><div class=\"w-flipbox-back-h\"><div class=\"w-flipbox-back-desc\"><p>Was ist die Strategie und welches sind die Ziele des Unternehmens?<\/p>\n<\/div><\/div><\/div><\/div><\/div><\/div><div class=\"w-iconbox iconpos_top style_default color_custom align_center no_text no_title\"><div class=\"w-iconbox-icon\" style=\"font-size:2rem;--icon-color:#7E904C;--icon-bg-color:var(--color-header-middle-text-hover);\"><i class=\"fas fa-share\"><\/i><\/div><div class=\"w-iconbox-meta\"><\/div><\/div><div class=\"w-flipbox animation_cubetilt direction_w\"><div class=\"w-flipbox-h easing_ease\" style=\"transition-duration:0.5s;\"><div class=\"w-flipbox-hh\"><div class=\"w-flipbox-front us_custom_d744b792\"><div class=\"w-flipbox-front-h\"><div class=\"w-flipbox-front-icon type_image\" style=\"width:4rem;\"><img loading=\"lazy\" decoding=\"async\" width=\"300\" height=\"300\" src=\"https:\/\/sti-consulting.com\/wp-content\/uploads\/2023\/07\/Icon_Flipchart.svg\" class=\"attachment-medium size-medium\" alt=\"\" \/><\/div><h5 class=\"w-flipbox-front-title\">USE CASES AUFSETZEN<\/h5><\/div><\/div><div class=\"w-flipbox-back us_custom_d744b792\" style=\"display:none;\"><div class=\"w-flipbox-back-h\"><div class=\"w-flipbox-back-desc\"><p>Anwendungsf\u00e4lle m\u00fcssen identifiziert, bewertet (z.B. anhand eines AI Canvas) und ausgew\u00e4hlt werden, um am besten zu den Zielen zu passen<\/p>\n<\/div><a class=\"w-btn us-btn-style_1\" href=\"https:\/\/sti-consulting.com\/business-intelligence\/data-science\/#aicanvas\"><span class=\"w-btn-label\">Download AI Canvas<\/span><\/a><\/div><\/div><\/div><\/div><\/div><div class=\"w-iconbox iconpos_top style_default color_primary align_center no_text no_title\"><div class=\"w-iconbox-icon\" style=\"font-size:2rem;\"><i class=\"fas fa-share\"><\/i><\/div><div class=\"w-iconbox-meta\"><\/div><\/div><div class=\"w-flipbox animation_cubetilt direction_w\"><div class=\"w-flipbox-h easing_ease\" style=\"transition-duration:0.5s;\"><div class=\"w-flipbox-hh\"><div class=\"w-flipbox-front us_custom_73b0b6d9\"><div class=\"w-flipbox-front-h\"><div class=\"w-flipbox-front-icon type_image\" style=\"width:4rem;\"><img loading=\"lazy\" decoding=\"async\" width=\"300\" height=\"300\" src=\"https:\/\/sti-consulting.com\/wp-content\/uploads\/2023\/08\/Icon_Chart_6.svg\" class=\"attachment-medium size-medium\" alt=\"\" \/><\/div><h5 class=\"w-flipbox-front-title\">AUFBAU VON GRUNDLAGEN<\/h5><\/div><\/div><div class=\"w-flipbox-back us_custom_73b0b6d9\" style=\"display:none;\"><div class=\"w-flipbox-back-h\"><div class=\"w-flipbox-back-desc\"><p>F\u00fcr die Umsetzung der Anwendungsf\u00e4lle werden u.a. Daten, Technologie und Personal ben\u00f6tigt. Diese Grundlagen sind vorhanden oder m\u00fcssen aufgebaut werden.<\/p>\n<\/div><\/div><\/div><\/div><\/div><\/div><\/div><\/div><\/div><\/div><div class=\"g-cols wpb_row via_grid cols_4 laptops-cols_inherit tablets-cols_inherit mobiles-cols_1 valign_middle type_default stacking_default\" style=\"--columns-gap:3rem;\"><div class=\"wpb_column vc_column_container stretched\"><div class=\"vc_column-inner\"><\/div><\/div><div class=\"wpb_column vc_column_container\"><div class=\"vc_column-inner\"><\/div><\/div><div class=\"wpb_column vc_column_container\"><div class=\"vc_column-inner\"><\/div><\/div><div class=\"wpb_column vc_column_container stretched\"><div class=\"vc_column-inner\"><div class=\"w-iconbox us_custom_d5ab5510 rotate2 iconpos_top style_default color_custom align_center no_text no_title\"><div class=\"w-iconbox-icon\" style=\"font-size:2rem;--icon-color:#7E904C;\"><i class=\"fas fa-share\"><\/i><\/div><div class=\"w-iconbox-meta\"><\/div><\/div><\/div><\/div><\/div><div class=\"g-cols wpb_row us_custom_bf81054c via_grid cols_1 laptops-cols_inherit tablets-cols_inherit mobiles-cols_1 valign_top type_default stacking_default\" style=\"--columns-gap:3rem;\"><div class=\"wpb_column vc_column_container\"><div class=\"vc_column-inner\"><div class=\"wpb_text_column us_custom_a574d586 rotate has_text_color\"><div class=\"wpb_wrapper\"><h4>AI EMPOWERMENT<\/h4>\n<\/div><\/div><div class=\"w-separator size_small\"><\/div><div class=\"w-hwrapper valign_middle align_none\" style=\"--hwrapper-gap:2.30rem\"><div class=\"w-flipbox animation_cubetilt direction_e\"><div class=\"w-flipbox-h easing_ease\" style=\"transition-duration:0.5s;\"><div class=\"w-flipbox-hh\"><div class=\"w-flipbox-front us_custom_589a5a04\"><div class=\"w-flipbox-front-h\"><div class=\"w-flipbox-front-icon type_image\" style=\"width:4rem;\"><img loading=\"lazy\" decoding=\"async\" width=\"300\" height=\"300\" src=\"https:\/\/sti-consulting.com\/wp-content\/uploads\/2023\/07\/Icon_Top_1.svg\" class=\"attachment-medium size-medium\" alt=\"\" \/><\/div><h5 class=\"w-flipbox-front-title\">IMPROVEMENT<\/h5><\/div><\/div><div class=\"w-flipbox-back us_custom_589a5a04\" style=\"display:none;\"><div class=\"w-flipbox-back-h\"><div class=\"w-flipbox-back-desc\"><p>Ein laufendes Monitoring ist notwendig, um die gew\u00fcnschten Ergebnisse dauerhaft zu erzielen und eine Basis f\u00fcr Weiterentwicklungen zu bekommen.<\/p>\n<\/div><\/div><\/div><\/div><\/div><\/div><div class=\"w-iconbox rotate3 iconpos_top style_default color_custom align_center no_text no_title\"><div class=\"w-iconbox-icon\" style=\"font-size:2rem;--icon-color:#7E904C;--icon-bg-color:var(--color-header-middle-text-hover);\"><i class=\"fas fa-share\"><\/i><\/div><div class=\"w-iconbox-meta\"><\/div><\/div><div class=\"w-flipbox animation_cubetilt direction_e\"><div class=\"w-flipbox-h easing_ease\" style=\"transition-duration:0.5s;\"><div class=\"w-flipbox-hh\"><div class=\"w-flipbox-front us_custom_589a5a04\"><div class=\"w-flipbox-front-h\"><div class=\"w-flipbox-front-icon type_image\" style=\"width:4rem;\"><img loading=\"lazy\" decoding=\"async\" width=\"300\" height=\"300\" src=\"https:\/\/sti-consulting.com\/wp-content\/uploads\/2023\/09\/Icon_Idea_1.svg\" class=\"attachment-medium size-medium\" alt=\"\" \/><\/div><h5 class=\"w-flipbox-front-title\">MITARBEITER ENABLEMENT<\/h5><\/div><\/div><div class=\"w-flipbox-back us_custom_589a5a04\" style=\"display:none;\"><div class=\"w-flipbox-back-h\"><div class=\"w-flipbox-back-desc\"><p>Zur Aussch\u00f6pfung der Mehrwertpotenziale m\u00fcssen bei den Mitarbeitern Daten und KI Kompetenzen aufgebaut werden.<\/p>\n<\/div><\/div><\/div><\/div><\/div><\/div><div class=\"w-iconbox rotate3 iconpos_top style_default color_primary align_center no_text no_title\"><div class=\"w-iconbox-icon\" style=\"font-size:2rem;\"><i class=\"fas fa-share\"><\/i><\/div><div class=\"w-iconbox-meta\"><\/div><\/div><div class=\"w-flipbox animation_cubetilt direction_e\"><div class=\"w-flipbox-h easing_ease\" style=\"transition-duration:0.5s;\"><div class=\"w-flipbox-hh\"><div class=\"w-flipbox-front us_custom_589a5a04\"><div class=\"w-flipbox-front-h\"><div class=\"w-flipbox-front-icon type_image\" style=\"width:4rem;\"><img loading=\"lazy\" decoding=\"async\" width=\"300\" height=\"300\" src=\"https:\/\/sti-consulting.com\/wp-content\/uploads\/2023\/07\/Icon_Gear_2.svg\" class=\"attachment-medium size-medium\" alt=\"\" \/><\/div><h5 class=\"w-flipbox-front-title\">IMPLEMENTIERUNG<\/h5><\/div><\/div><div class=\"w-flipbox-back us_custom_589a5a04\" style=\"display:none;\"><div class=\"w-flipbox-back-h\"><div class=\"w-flipbox-back-desc\"><p>Nach einem erfolgreichen Testing k\u00f6nnen die Anwendungen ausgerollt und skaliert werden.<\/p>\n<\/div><\/div><\/div><\/div><\/div><\/div><\/div><\/div><\/div><\/div><div class=\"g-cols wpb_row via_grid cols_4 laptops-cols_inherit tablets-cols_inherit mobiles-cols_1 valign_top type_default stacking_default\" style=\"--columns-gap:3rem;\"><div class=\"wpb_column vc_column_container stretched\"><div class=\"vc_column-inner\"><\/div><\/div><div class=\"wpb_column vc_column_container\"><div class=\"vc_column-inner\"><\/div><\/div><div class=\"wpb_column vc_column_container\"><div class=\"vc_column-inner\"><\/div><\/div><div class=\"wpb_column vc_column_container stretched\"><div class=\"vc_column-inner\"><\/div><\/div><\/div><\/div><\/div><\/div><\/div><\/section><section class=\"l-section wpb_row hide_on_default hide_on_laptops height_medium\" id=\"mobile\"><div class=\"l-section-h i-cf\"><div class=\"g-cols vc_row via_grid cols_1 laptops-cols_inherit tablets-cols_inherit mobiles-cols_1 valign_top type_default stacking_default\"><div class=\"wpb_column vc_column_container\"><div class=\"vc_column-inner\"><div class=\"g-cols wpb_row via_grid cols_1 laptops-cols_inherit tablets-cols_inherit mobiles-cols_1 valign_top type_default\" style=\"--columns-gap:3rem;\"><div class=\"wpb_column vc_column_container\"><div class=\"vc_column-inner\"><div class=\"wpb_text_column us_custom_a574d586 has_text_color\"><div class=\"wpb_wrapper\"><h4>AI READINESS<\/h4>\n<\/div><\/div><div class=\"w-tabs us_custom_9de1e360 layout_hor style_default switch_click has_scrolling\" style=\"--sections-title-size:1em\"><div class=\"w-tabs-list items_3 align_none\"><div class=\"w-tabs-list-h\"><button class=\"w-tabs-item active\" aria-controls=\"content-p22b\" aria-expanded=\"false\"><span class=\"w-tabs-item-title\">ANALYSE DES UNTERNEHMENS<\/span><\/button><button class=\"w-tabs-item\" aria-controls=\"content-g2fa\" aria-expanded=\"false\"><span class=\"w-tabs-item-title\">USE CASES AUFSETZEN<\/span><\/button><button class=\"w-tabs-item\" aria-controls=\"content-b3c4\" aria-expanded=\"false\"><span class=\"w-tabs-item-title\">AUFBAU VON GRUNDLAGEN<\/span><\/button><\/div><\/div><div class=\"w-tabs-sections titles-align_none icon_chevron cpos_right\"><div class=\"w-tabs-section active\" id=\"p22b\"><button class=\"w-tabs-section-header active\" aria-controls=\"content-p22b\" aria-expanded=\"true\"><div class=\"w-tabs-section-title\">ANALYSE DES UNTERNEHMENS<\/div><div class=\"w-tabs-section-control\"><\/div><\/button><div  class=\"w-tabs-section-content\" id=\"content-p22b\"><div class=\"w-tabs-section-content-h i-cf\"><div class=\"wpb_text_column\"><div class=\"wpb_wrapper\"><p>Was ist die Strategie und sind die Ziele des Unternehmens?<\/p>\n<\/div><\/div><\/div><\/div><\/div><div class=\"w-tabs-section\" id=\"g2fa\"><button class=\"w-tabs-section-header\" aria-controls=\"content-g2fa\" aria-expanded=\"false\"><div class=\"w-tabs-section-title\">USE CASES AUFSETZEN<\/div><div class=\"w-tabs-section-control\"><\/div><\/button><div  class=\"w-tabs-section-content\" id=\"content-g2fa\"><div class=\"w-tabs-section-content-h i-cf\"><div class=\"wpb_text_column\"><div class=\"wpb_wrapper\"><p>Anwendungsf\u00e4lle m\u00fcssen identifiziert, bewertet (z.B. anhand eines AI Canvas) und ausgew\u00e4hlt werden, um am besten zu den Zielen zu passen<\/p>\n<\/div><\/div><\/div><\/div><\/div><div class=\"w-tabs-section\" id=\"b3c4\"><button class=\"w-tabs-section-header\" aria-controls=\"content-b3c4\" aria-expanded=\"false\"><div class=\"w-tabs-section-title\">AUFBAU VON GRUNDLAGEN<\/div><div class=\"w-tabs-section-control\"><\/div><\/button><div  class=\"w-tabs-section-content\" id=\"content-b3c4\"><div class=\"w-tabs-section-content-h i-cf\"><div class=\"wpb_text_column\"><div class=\"wpb_wrapper\"><p>F\u00fcr die Umsetzung der Anwendungsf\u00e4lle werden u.a. Daten, Technologie und Personal ben\u00f6tigt. Diese Grundlagen sind vorhanden oder m\u00fcssen aufgebaut werden.<\/p>\n<\/div><\/div><\/div><\/div><\/div><\/div><\/div><\/div><\/div><\/div><div class=\"w-separator size_small\"><\/div><div class=\"w-iconbox us_custom_cd959d86 rotate2 iconpos_top style_default color_custom align_center no_text no_title\"><div class=\"w-iconbox-icon\" style=\"font-size:2rem;--icon-color:#7E904C;\"><i class=\"fas fa-share\"><\/i><\/div><div class=\"w-iconbox-meta\"><\/div><\/div><div class=\"w-separator size_small\"><\/div><div class=\"wpb_text_column us_custom_a574d586 has_text_color\"><div class=\"wpb_wrapper\"><h4>AI ENABLEMENT<\/h4>\n<\/div><\/div><div class=\"w-tabs layout_hor style_default switch_click has_scrolling\" style=\"--sections-title-size:1em\"><div class=\"w-tabs-list items_3 align_none\"><div class=\"w-tabs-list-h\"><button class=\"w-tabs-item active\" aria-controls=\"content-yfa4\" aria-expanded=\"false\"><span class=\"w-tabs-item-title\">IMPLEMENTIERUNG<\/span><\/button><button class=\"w-tabs-item\" aria-controls=\"content-f06b\" aria-expanded=\"false\"><span class=\"w-tabs-item-title\">MITARBEITER ENABLEMENT<\/span><\/button><button class=\"w-tabs-item\" aria-controls=\"content-j12f\" aria-expanded=\"false\"><span class=\"w-tabs-item-title\">IMPROVEMENT<\/span><\/button><\/div><\/div><div class=\"w-tabs-sections titles-align_none icon_chevron cpos_right\"><div class=\"w-tabs-section active\" id=\"yfa4\"><button class=\"w-tabs-section-header active\" aria-controls=\"content-yfa4\" aria-expanded=\"true\"><div class=\"w-tabs-section-title\">IMPLEMENTIERUNG<\/div><div class=\"w-tabs-section-control\"><\/div><\/button><div  class=\"w-tabs-section-content\" id=\"content-yfa4\"><div class=\"w-tabs-section-content-h i-cf\"><div class=\"wpb_text_column\"><div class=\"wpb_wrapper\"><p>Nach einem erfolgreichen Testing k\u00f6nnen die Anwendungen ausgerollt, skaliert werden.<\/p>\n<\/div><\/div><\/div><\/div><\/div><div class=\"w-tabs-section\" id=\"f06b\"><button class=\"w-tabs-section-header\" aria-controls=\"content-f06b\" aria-expanded=\"false\"><div class=\"w-tabs-section-title\">MITARBEITER ENABLEMENT<\/div><div class=\"w-tabs-section-control\"><\/div><\/button><div  class=\"w-tabs-section-content\" id=\"content-f06b\"><div class=\"w-tabs-section-content-h i-cf\"><div class=\"wpb_text_column\"><div class=\"wpb_wrapper\"><p>Zur Aussch\u00f6pfung der Mehrwertpotenziale m\u00fcssen bei den Mitarbeitern Daten und KI Kompetenzen aufgebaut werden.<\/p>\n<\/div><\/div><\/div><\/div><\/div><div class=\"w-tabs-section\" id=\"j12f\"><button class=\"w-tabs-section-header\" aria-controls=\"content-j12f\" aria-expanded=\"false\"><div class=\"w-tabs-section-title\">IMPROVEMENT<\/div><div class=\"w-tabs-section-control\"><\/div><\/button><div  class=\"w-tabs-section-content\" id=\"content-j12f\"><div class=\"w-tabs-section-content-h i-cf\"><div class=\"wpb_text_column\"><div class=\"wpb_wrapper\"><p>Ein laufendes Monitoring ist notwendig, um die gew\u00fcnschten Ergebnisse dauerhaft zu erzielen und eine Basis f\u00fcr Weiterentwicklungen zu bekommen.<\/p>\n<\/div><\/div><\/div><\/div><\/div><\/div><\/div><\/div><\/div><\/div><\/div><\/section><section class=\"l-section wpb_row height_medium\" id=\"kontakt\"><div class=\"l-section-h i-cf\"><div class=\"g-cols vc_row via_grid cols_1 laptops-cols_inherit tablets-cols_inherit mobiles-cols_1 valign_top type_default stacking_default\"><div class=\"wpb_column vc_column_container\"><div class=\"vc_column-inner\"><div class=\"w-separator size_medium\"><\/div><div class=\"wpb_text_column us_custom_ee65ba4f has_text_color\"><div class=\"wpb_wrapper\"><p><strong>IHR WEG IN DIE WELT DER K\u00dcNSTLICHEN INTELLIGENZ<\/strong><\/p>\n<\/div><\/div><div class=\"wpb_text_column\"><div class=\"wpb_wrapper\"><h3>Zukunft jetzt!<\/h3>\n<\/div><\/div><div class=\"g-cols wpb_row us_custom_3395bba1 via_grid cols_2-1 laptops-cols_inherit tablets-cols_inherit mobiles-cols_1 valign_top type_default stacking_default\" style=\"--columns-gap:3rem;\"><div class=\"wpb_column vc_column_container\"><div class=\"vc_column-inner\"><div class=\"wpb_text_column us_custom_77828a78 has_text_color\"><div class=\"wpb_wrapper\"><p>Der Einsatz von KI weitet sich aus und wird perspektivisch in allen Themenbereichen zu finden sein. Als Schl\u00fcsseltechnologie werden KI-Anwendungen zu selbstverst\u00e4ndlichen Tools. Umso wichtiger ist es, KI-Anwendungen in die eigenen Arbeitsabl\u00e4ufe zu integrieren. Diese Integration sichert die zuk\u00fcnftige Konkurrenzf\u00e4higkeit und Innovationskraft.<\/p>\n<p>Die STI hilft Ihnen bei der Priorisierung und Entwicklung von KI-L\u00f6sungen sowie deren Umsetzung.<\/p>\n<\/div><\/div><div class=\"w-separator size_medium\"><\/div><div class=\"w-btn-wrapper align_left\"><a class=\"w-btn us-btn-style_3 us_custom_3ba518e8\" href=\"\/kontakt\"><span class=\"w-btn-label\">JETZT BERATUNG VEREINBAREN<\/span><\/a><\/div><\/div><\/div><div class=\"wpb_column vc_column_container\"><div class=\"vc_column-inner\"><div class=\"w-image us_custom_0c2a8d67 hide_on_laptops hide_on_tablets hide_on_mobiles align_right\"><div class=\"w-image-h\"><img decoding=\"async\" width=\"593\" height=\"718\" src=\"https:\/\/sti-consulting.com\/wp-content\/uploads\/2023\/09\/STI_Michael-Heck-Freisteller.png\" class=\"attachment-large size-large\" alt=\"\" loading=\"lazy\" \/><\/div><\/div><\/div><\/div><\/div><\/div><\/div><\/div><\/div><\/section>\n","protected":false},"excerpt":{"rendered":"Artificial Intelligence Services K\u00fcnstliche Intelligenz (KI) hat in den letzten Jahren enorme Fortschritte gemacht. Von diversen Sprach- und Bilderkennungssystemen bis hin zu personalisierten Unterhaltungsempfehlungen bietet KI eine breite Palette von Anwendungen. Bei der gekonnten Aufarbeitung der notwendigen Datenbasis, dem Aufsetzen der KI und der DSGVO-konformen Anwendung, unterst\u00fctzen Sie unsere Experten. JETZT INFORMIERENADIOS &#8220;COLD-START-PROBLEM&#8221; Chancen der...","protected":false},"author":3,"featured_media":1059,"parent":0,"menu_order":0,"comment_status":"closed","ping_status":"closed","template":"","meta":{"_acf_changed":false,"footnotes":""},"bilbliothek":[],"class_list":["post-995","page","type-page","status-publish","has-post-thumbnail","hentry"],"acf":[],"_links":{"self":[{"href":"https:\/\/sti-consulting.com\/en\/wp-json\/wp\/v2\/pages\/995","targetHints":{"allow":["GET"]}}],"collection":[{"href":"https:\/\/sti-consulting.com\/en\/wp-json\/wp\/v2\/pages"}],"about":[{"href":"https:\/\/sti-consulting.com\/en\/wp-json\/wp\/v2\/types\/page"}],"author":[{"embeddable":true,"href":"https:\/\/sti-consulting.com\/en\/wp-json\/wp\/v2\/users\/3"}],"replies":[{"embeddable":true,"href":"https:\/\/sti-consulting.com\/en\/wp-json\/wp\/v2\/comments?post=995"}],"version-history":[{"count":0,"href":"https:\/\/sti-consulting.com\/en\/wp-json\/wp\/v2\/pages\/995\/revisions"}],"wp:featuredmedia":[{"embeddable":true,"href":"https:\/\/sti-consulting.com\/en\/wp-json\/wp\/v2\/media\/1059"}],"wp:attachment":[{"href":"https:\/\/sti-consulting.com\/en\/wp-json\/wp\/v2\/media?parent=995"}],"wp:term":[{"taxonomy":"bilbliothek","embeddable":true,"href":"https:\/\/sti-consulting.com\/en\/wp-json\/wp\/v2\/bilbliothek?post=995"}],"curies":[{"name":"wp","href":"https:\/\/api.w.org\/{rel}","templated":true}]}}