{"id":37,"date":"2023-07-05T09:27:53","date_gmt":"2023-07-05T07:27:53","guid":{"rendered":"http:\/\/wordpress-sti.p646063.webspaceconfig.de\/?page_id=37"},"modified":"2025-10-08T17:20:25","modified_gmt":"2025-10-08T15:20:25","slug":"impressum","status":"publish","type":"page","link":"https:\/\/sti-consulting.com\/en\/sti-consulting\/impressum\/","title":{"rendered":"Impressum"},"content":{"rendered":"<section class=\"l-section wpb_row height_medium\"><div class=\"l-section-h i-cf\"><div class=\"g-cols vc_row via_grid cols_1 laptops-cols_inherit tablets-cols_inherit mobiles-cols_1 valign_top type_default stacking_default\"><div class=\"wpb_column vc_column_container\"><div class=\"vc_column-inner\"><div class=\"wpb_text_column\"><div class=\"wpb_wrapper\"><h1>Impressum<\/h1>\n<h2>Angaben gem\u00e4\u00df \u00a7 5 TMG<\/h2>\n<p>STI GmbH<br \/>\nAinmillerstr. 22<br \/>\n80801 M\u00fcnchen<\/p>\n<p>Handelsregister: HRB 190347<br \/>\nRegistergericht: M\u00fcnchen<\/p>\n<p><strong>Vertreten durch:<\/strong><br \/>\nFlorian Stiegler &amp; Max L\u00fcling<\/p>\n<h2>Kontakt<\/h2>\n<p>Telefon: +49 (0)89 45205420<br \/>\nE-Mail: kontakt@sti-consulting.com<\/p>\n<h2>Umsatzsteuer-ID<\/h2>\n<p>Umsatzsteuer-Identifikationsnummer gem\u00e4\u00df \u00a7 27 a Umsatzsteuergesetz:<br \/>\nDE276101927<\/p>\n<h2>Verbraucher\u00adstreit\u00adbeilegung\/Universal\u00adschlichtungs\u00adstelle<\/h2>\n<p>Wir sind nicht bereit oder verpflichtet, an Streitbeilegungsverfahren vor einer Verbraucherschlichtungsstelle teilzunehmen.<\/p>\n<\/div><\/div><div class=\"w-separator size_medium\"><\/div><div class=\"wpb_text_column\"><div class=\"wpb_wrapper\"><p style=\"text-align: center;\"><strong>Rechtliche Hinweise:<\/strong><\/p>\n<p style=\"text-align: center;\">Der Herausgeber aktualisiert und pr\u00fcft die Inhalte auf seinen Webseiten st\u00e4ndig. Trotz aller Sorgfalt k\u00f6nnen sich Daten zwischenzeitig \u00e4ndern. Eine Haftung oder Garantie f\u00fcr die Aktualit\u00e4t, Richtigkeit und Vollst\u00e4ndigkeit der zur Verf\u00fcgung gestellten Inhalte kann daher nicht \u00fcbernommen werden. Gleiches gilt auch f\u00fcr alle anderen Webseiten, auf die mittels eines Hyperlinks auf dieser Webseite verwiesen wird. Der Herausgeber ist f\u00fcr den Inhalt der Webseiten, die aufgrund einer solchen Verbindung erreicht werden, nicht verantwortlich. Des weiteren beh\u00e4lt sich der Herausgeber das Recht vor, Erg\u00e4nzungen oder \u00c4nderungen der bereitgestellten Informationen vorzunehmen. Inhalt und Struktur der Webseiten des Herausgebers sind urheberrechtlich gesch\u00fctzt. Die Vervielf\u00e4ltigung von Informationen oder Daten, insbesondere die Verwendung von Texten, Textteilen oder Bildmaterial, bedarf der vorherigen schriftlichen Zustimmung des Herausgebers.<\/p>\n<\/div><\/div><\/div><\/div><\/div><\/div><\/section>\n","protected":false},"excerpt":{"rendered":"Impressum Angaben gem\u00e4\u00df \u00a7 5 TMG STI GmbH Ainmillerstr. 22 80801 M\u00fcnchen Handelsregister: HRB 190347 Registergericht: M\u00fcnchen Vertreten durch: Florian Stiegler &amp; Max L\u00fcling Kontakt Telefon: +49 (0)89 45205420 E-Mail: kontakt@sti-consulting.com Umsatzsteuer-ID Umsatzsteuer-Identifikationsnummer gem\u00e4\u00df \u00a7 27 a Umsatzsteuergesetz: DE276101927 Verbraucher\u00adstreit\u00adbeilegung\/Universal\u00adschlichtungs\u00adstelle Wir sind nicht bereit oder verpflichtet, an Streitbeilegungsverfahren vor einer Verbraucherschlichtungsstelle teilzunehmen. Rechtliche Hinweise: Der...","protected":false},"author":3,"featured_media":0,"parent":39,"menu_order":0,"comment_status":"closed","ping_status":"closed","template":"","meta":{"_acf_changed":false,"footnotes":""},"bilbliothek":[],"class_list":["post-37","page","type-page","status-publish","hentry"],"acf":[],"_links":{"self":[{"href":"https:\/\/sti-consulting.com\/en\/wp-json\/wp\/v2\/pages\/37","targetHints":{"allow":["GET"]}}],"collection":[{"href":"https:\/\/sti-consulting.com\/en\/wp-json\/wp\/v2\/pages"}],"about":[{"href":"https:\/\/sti-consulting.com\/en\/wp-json\/wp\/v2\/types\/page"}],"author":[{"embeddable":true,"href":"https:\/\/sti-consulting.com\/en\/wp-json\/wp\/v2\/users\/3"}],"replies":[{"embeddable":true,"href":"https:\/\/sti-consulting.com\/en\/wp-json\/wp\/v2\/comments?post=37"}],"version-history":[{"count":3,"href":"https:\/\/sti-consulting.com\/en\/wp-json\/wp\/v2\/pages\/37\/revisions"}],"predecessor-version":[{"id":2830,"href":"https:\/\/sti-consulting.com\/en\/wp-json\/wp\/v2\/pages\/37\/revisions\/2830"}],"up":[{"embeddable":true,"href":"https:\/\/sti-consulting.com\/en\/wp-json\/wp\/v2\/pages\/39"}],"wp:attachment":[{"href":"https:\/\/sti-consulting.com\/en\/wp-json\/wp\/v2\/media?parent=37"}],"wp:term":[{"taxonomy":"bilbliothek","embeddable":true,"href":"https:\/\/sti-consulting.com\/en\/wp-json\/wp\/v2\/bilbliothek?post=37"}],"curies":[{"name":"wp","href":"https:\/\/api.w.org\/{rel}","templated":true}]}}