{"id":2644,"date":"2025-08-22T09:37:08","date_gmt":"2025-08-22T07:37:08","guid":{"rendered":"https:\/\/1.sti-consulting.de\/?page_id=2644"},"modified":"2025-09-04T09:21:27","modified_gmt":"2025-09-04T07:21:27","slug":"customer-excellence","status":"publish","type":"page","link":"https:\/\/sti-consulting.com\/en\/customer-excellence\/","title":{"rendered":"Customer Excellence"},"content":{"rendered":"<section class=\"l-section wpb_row us_custom_76dcf46d height_medium\"><div class=\"l-section-h i-cf\"><div class=\"g-cols vc_row via_grid cols_2 laptops-cols_inherit tablets-cols_inherit mobiles-cols_1 valign_top type_default stacking_default\"><div class=\"wpb_column vc_column_container\"><div class=\"vc_column-inner\"><div class=\"wpb_text_column\"><div class=\"wpb_wrapper\"><h1>Customer Excellence<\/h1>\n<\/div><\/div><div class=\"w-separator size_medium\"><\/div><div class=\"wpb_text_column\"><div class=\"wpb_wrapper\"><p>Erfolgreiche Unternehmen nutzen die Interaktion mit ihren Kunden als entscheidenden Differenzierungsfaktor. So begegnen sie der zunehmenden Austauschbarkeit von Produkten und Services.<\/p>\n<p>Kundenzentrierung steht in fast jeder Unternehmensstrategie. Die Umsetzung scheitert jedoch h\u00e4ufig an drei entscheidenden Punkten: Abteilungen arbeiten unkoordiniert statt vernetzt, Prozesse bleiben vage statt pr\u00e4zise definiert und zwischen Fachbereichen und IT-Teams fehlt die gemeinsame Sprache.<\/p>\n<p>Mit Customer Excellence setzen wir genau hier an \u2013 und begleiten Unternehmen dabei, ihre Kundenbeziehungen ganzheitlich, strategisch und messbar zu gestalten. Denn Customer Excellence bedeutet mehr als nur Kundenorientierung: Es ist die systematische Verbindung aller kundenrelevanten Bereiche zu einem stimmigen Gesamtsystem, das Fachseite und IT endlich auf ein gemeinsames Ziel ausrichtet.<\/p>\n<\/div><\/div><div class=\"w-separator size_medium\"><\/div><div class=\"w-hwrapper valign_top align_none\"><div class=\"wpb_text_column\"><div class=\"wpb_wrapper\"><p style=\"text-align: left;\"><span>&#8220;Die wirkungsvollsten Strategien entstehen, wenn Kundenperspektive und organisationsweite Zusammenarbeit Hand in Hand gehen.&#8221;<\/span><\/p>\n<p><strong>Julia Weghofer<\/strong><br \/>\nStrategic Lead Customer Excellence<br \/>\nSenior Consultant<\/p>\n<\/div><\/div><div class=\"w-image us_custom_59484322 style_circle align_center\"><div class=\"w-image-h\"><img decoding=\"async\" width=\"600\" height=\"600\" src=\"https:\/\/sti-consulting.com\/wp-content\/uploads\/2023\/07\/Julia-Weghofer.jpg\" class=\"attachment-gform-image-choice-lg size-gform-image-choice-lg\" alt=\"\" loading=\"lazy\" srcset=\"https:\/\/sti-consulting.com\/wp-content\/uploads\/2023\/07\/Julia-Weghofer.jpg 668w, https:\/\/sti-consulting.com\/wp-content\/uploads\/2023\/07\/Julia-Weghofer-300x300.jpg 300w, https:\/\/sti-consulting.com\/wp-content\/uploads\/2023\/07\/Julia-Weghofer-150x150.jpg 150w\" sizes=\"auto, (max-width: 600px) 100vw, 600px\" \/><\/div><\/div><\/div><div class=\"w-btn-wrapper align_left\"><a class=\"w-btn us-btn-style_1\" target=\"_blank\" href=\"https:\/\/sti-consulting.com\/kontakt\/\"><span class=\"w-btn-label\">JETZT INFORMIEREN<\/span><\/a><\/div><\/div><\/div><div class=\"wpb_column vc_column_container\"><div class=\"vc_column-inner\"><div class=\"w-image align_left\"><div class=\"w-image-h\"><img decoding=\"async\" width=\"821\" height=\"1024\" src=\"https:\/\/sti-consulting.com\/wp-content\/uploads\/2025\/09\/Bildoben.png\" class=\"attachment-large size-large\" alt=\"\" loading=\"lazy\" srcset=\"https:\/\/sti-consulting.com\/wp-content\/uploads\/2025\/09\/Bildoben.png 821w, https:\/\/sti-consulting.com\/wp-content\/uploads\/2025\/09\/Bildoben-241x300.png 241w\" sizes=\"auto, (max-width: 821px) 100vw, 821px\" \/><\/div><\/div><\/div><\/div><\/div><\/div><\/section><section class=\"l-section wpb_row height_medium\"><div class=\"l-section-h i-cf\"><div class=\"g-cols vc_row via_grid cols_1 laptops-cols_inherit tablets-cols_inherit mobiles-cols_1 valign_top type_default stacking_default\"><div class=\"wpb_column vc_column_container\"><div class=\"vc_column-inner\"><div class=\"wpb_text_column\"><div class=\"wpb_wrapper\"><h2>Beratung entlang des gesamten Customer Lifecycle<\/h2>\n<\/div><\/div><div class=\"w-separator size_small\"><\/div><div class=\"g-cols wpb_row via_grid cols_1 laptops-cols_inherit tablets-cols_inherit mobiles-cols_1 valign_top type_default stacking_default\" style=\"--columns-gap:3rem;\"><div class=\"wpb_column vc_column_container\"><div class=\"vc_column-inner\"><div class=\"wpb_text_column\"><div class=\"wpb_wrapper\"><p>Customer Excellence steht f\u00fcr eine ganzheitliche und strategisch fundierte Beratung entlang des gesamten Customer Lifecycle (CLC). Unser Ziel ist es, Unternehmen dabei zu unterst\u00fctzen, \u00fcber alle Phasen der Kundenbeziehung hinweg exzellente, nahtlose und wertstiftende Erlebnisse zu schaffen \u2013 von der ersten Ber\u00fchrung bis zur langfristigen Kundenbindung.<\/p>\n<p>Das Entscheidende: Wir stellen in unserer Betrachtung den Customer Lifecycle stets ins Zentrum.<\/p>\n<p>&nbsp;<\/p>\n<\/div><\/div><\/div><\/div><\/div><div class=\"w-separator size_large\"><\/div><div class=\"wpb_text_column\"><div class=\"wpb_wrapper\"><h2><span>Im Zentrum unseres Leistungsportfolios steht unser Kernangebot auf der strategischen Ebene<\/span><\/h2>\n<\/div><\/div><div class=\"w-separator size_medium\"><\/div><div class=\"g-cols wpb_row via_grid cols_2 laptops-cols_inherit tablets-cols_inherit mobiles-cols_1 valign_top type_default stacking_default\" style=\"--columns-gap:3rem;\"><div class=\"wpb_column vc_column_container\"><div class=\"vc_column-inner\"><div class=\"wpb_text_column\"><div class=\"wpb_wrapper\"><p><span>Wir unterst\u00fctzen unsere Kunden durch Potential- sowie Reifegradanalysen, um zentrale Handlungsfelder entlang des Customer Lifecycle und der Organisation zu identifizieren. Auf dieser Basis entwickeln wir integrierte Strategien, die durch einen ganzheitlichen Ansatz Kundenerlebnisse verbessern, Prozesse effizienter gestalten und nachhaltige Wertsch\u00f6pfung erm\u00f6glichen.<\/span><\/p>\n<p>&nbsp;<\/p>\n<\/div><\/div><\/div><\/div><div class=\"wpb_column vc_column_container\"><div class=\"vc_column-inner\"><div class=\"w-image align_right\"><div class=\"w-image-h\"><img decoding=\"async\" width=\"1024\" height=\"497\" src=\"https:\/\/sti-consulting.com\/wp-content\/uploads\/2025\/08\/Schema-CLC-Strategieberatung-1024x497.png\" class=\"attachment-large size-large\" alt=\"\" loading=\"lazy\" srcset=\"https:\/\/sti-consulting.com\/wp-content\/uploads\/2025\/08\/Schema-CLC-Strategieberatung-1024x497.png 1024w, https:\/\/sti-consulting.com\/wp-content\/uploads\/2025\/08\/Schema-CLC-Strategieberatung-300x146.png 300w\" sizes=\"auto, (max-width: 1024px) 100vw, 1024px\" \/><\/div><\/div><\/div><\/div><\/div><div class=\"w-separator size_medium\"><\/div><\/div><\/div><\/div><\/div><\/section><section class=\"l-section wpb_row us_custom_ab556406 height_medium\"><div class=\"l-section-h i-cf\"><div class=\"g-cols vc_row via_grid cols_1 laptops-cols_inherit tablets-cols_inherit mobiles-cols_1 valign_top type_default stacking_default\"><div class=\"wpb_column vc_column_container\"><div class=\"vc_column-inner\"><div class=\"wpb_text_column\"><div class=\"wpb_wrapper\"><h3 style=\"text-align: center;\"><span>Vom Assesment zur Umsetzung: Durch Reifegrad Analysen f\u00fcr den Customer Lifecycle und die Organizational Readiness legen wir den Grundstein f\u00fcr die Ausrichtung von CRM<\/span><\/h3>\n<\/div><\/div><div class=\"w-separator size_medium\"><\/div><div class=\"wpb_text_column\"><div class=\"wpb_wrapper\"><p style=\"text-align: center;\"><span>Unser Projektvorgehen teilt sich in drei Phasen: CRM-Reifegrad Ermittlung, Definition der CRM-Strategie und die Phase Projektplanung &amp; Roadmapping.<\/span><\/p>\n<\/div><\/div><div class=\"w-separator size_small\"><\/div><div class=\"w-image align_center\"><div class=\"w-image-h\"><img decoding=\"async\" width=\"1024\" height=\"409\" src=\"https:\/\/sti-consulting.com\/wp-content\/uploads\/2025\/08\/Schema_vom-Assessment-zur-Umsetzung-1024x409.png\" class=\"attachment-large size-large\" alt=\"\" loading=\"lazy\" srcset=\"https:\/\/sti-consulting.com\/wp-content\/uploads\/2025\/08\/Schema_vom-Assessment-zur-Umsetzung-1024x409.png 1024w, https:\/\/sti-consulting.com\/wp-content\/uploads\/2025\/08\/Schema_vom-Assessment-zur-Umsetzung-300x120.png 300w\" sizes=\"auto, (max-width: 1024px) 100vw, 1024px\" \/><\/div><\/div><div class=\"w-separator size_small\"><\/div><div class=\"wpb_text_column\"><div class=\"wpb_wrapper\"><p><span>Beginnend mit einer fundierten Reifegradanalyse und Prozessbewertung identifizieren wir St\u00e4rken, Schw\u00e4chen und kulturelle Passung. Auf dieser Basis entwickeln wir eine abgestimmte Strategie, definieren KPIs sowie priorisierte Use Cases und \u00fcberf\u00fchren diese in eine pragmatische Projektplanung. In der Umsetzungsphase realisieren wir konkrete Ma\u00dfnahmen in den Bereichen Marketing, CRM und Martech \u2013 immer entlang der zuvor ermittelten Handlungsfelder.<\/span><\/p>\n<\/div><\/div><div class=\"w-separator size_medium\"><\/div><\/div><\/div><\/div><\/div><\/section><section class=\"l-section wpb_row us_custom_ab556406 height_medium\"><div class=\"l-section-h i-cf\"><div class=\"g-cols vc_row via_grid cols_1 laptops-cols_inherit tablets-cols_inherit mobiles-cols_1 valign_top type_default stacking_default\"><div class=\"wpb_column vc_column_container\"><div class=\"vc_column-inner\"><div class=\"wpb_text_column\"><div class=\"wpb_wrapper\"><h3 style=\"text-align: center;\">Der Customer Lifecycle wird aus den drei Perspektiven Marketing, CRM &amp; Customer Service betrachtet<\/h3>\n<\/div><\/div><div class=\"w-separator size_medium\"><\/div><div class=\"wpb_text_column\"><div class=\"wpb_wrapper\"><p style=\"text-align: center;\"><span>Damit Customer Excellence bei Ihnen messbare Ergebnisse erzielt, setzen wir auf drei bew\u00e4hrte Erfolgshebel: Marketing Excellence f\u00fcr zielgenaue Kundenansprache, CRM &amp; Sales Excellence f\u00fcr effiziente Vertriebsprozesse und Customer Service Excellence f\u00fcr begeisternde Serviceerlebnisse.<\/span><\/p>\n<p style=\"text-align: center;\">Unser strategisches Kernangebot wird durch drei spezialisierte Beratungsbereiche flankiert: <strong>Marketing Excellence<\/strong>, <strong>CRM &amp; Sales Excellence<\/strong> sowie <strong>Customer Service Excellence<\/strong>. Diese bilden gemeinsam die operativen und strategischen Umsetzungseinheiten f\u00fcr die erfolgreiche Verankerung von Customer Excellence im Unternehmen.<\/p>\n<\/div><\/div><div class=\"g-cols wpb_row via_grid cols_3 laptops-cols_inherit tablets-cols_inherit mobiles-cols_1 valign_top type_default stacking_default\" style=\"--columns-gap:3rem;\"><div class=\"wpb_column vc_column_container\"><div class=\"vc_column-inner\"><div class=\"w-separator size_medium\"><\/div><div class=\"w-flipbox animation_cardflip direction_w\"><div class=\"w-flipbox-h easing_ease\" style=\"transition-duration:0.5s;\"><div class=\"w-flipbox-hh\"><div class=\"w-flipbox-front\" style=\"background-image:url(https:\/\/sti-consulting.com\/wp-content\/uploads\/2025\/08\/CRM-Excellence-Grafik-single-1024x859.png);\"><div class=\"w-flipbox-front-h\"><\/div><\/div><div class=\"w-flipbox-back\" style=\"display:none;\"><div class=\"w-flipbox-back-h\"><h4 class=\"w-flipbox-back-title\">CRM Sales Excellence<\/h4><div class=\"w-flipbox-back-desc\"><p>Strategische Beratungsleistungen: Sales & Lead Management<\/p>\n<p>Operativ: CRM-Implementierung & Betrieb<\/p>\n<p>CRM & Sales Excellence steht f\u00fcr eine moderne, vernetzte und kundenorientierte Vertriebsarchitektur. Wir unterst\u00fctzen Unternehmen dabei, ihre Vertriebs- und CRM-Prozesse neu zu denken \u2013 effizient, technologiegest\u00fctzt und mit klarem Fokus auf messbare Wirkung entlang des Customer Lifecycles.<\/p>\n<\/div><\/div><\/div><\/div><\/div><\/div><\/div><\/div><div class=\"wpb_column vc_column_container\"><div class=\"vc_column-inner\"><div class=\"w-separator size_medium\"><\/div><div class=\"w-flipbox animation_cardflip direction_w\"><div class=\"w-flipbox-h easing_ease\" style=\"transition-duration:0.5s;\"><div class=\"w-flipbox-hh\"><div class=\"w-flipbox-front\" style=\"background-image:url(https:\/\/sti-consulting.com\/wp-content\/uploads\/2025\/08\/Marketing-Excellence-Grafik-single-1024x859.png);\"><div class=\"w-flipbox-front-h\"><\/div><\/div><div class=\"w-flipbox-back\" style=\"display:none;\"><div class=\"w-flipbox-back-h\"><h4 class=\"w-flipbox-back-title\">Marketing Excellence<\/h4><div class=\"w-flipbox-back-desc\"><p>Strategische Beratungsleistungen: Marketing & CRM Strategie<\/p>\n<p>Operativ: Performance Management & Kampagnensteuerung<\/p>\n<p>Im Beratungsbereich Marketing Excellence begleiten wir Unternehmen dabei, ihre Marketingma\u00dfnahmen entlang des gesamten Customer Lifecycles strategisch zu planen und operativ erfolgreich umzusetzen. Im Zentrum steht der Aufbau datengetriebener Marketingstrukturen, die es erm\u00f6glichen, Zielgruppen zu verstehen, relevante Inhalte bereitzustellen und Kampagnen effektiv zu steuern.<\/p>\n<\/div><\/div><\/div><\/div><\/div><\/div><\/div><\/div><div class=\"wpb_column vc_column_container\"><div class=\"vc_column-inner\"><div class=\"w-separator size_medium\"><\/div><div class=\"w-flipbox animation_cardflip direction_w\"><div class=\"w-flipbox-h easing_ease\" style=\"transition-duration:0.5s;\"><div class=\"w-flipbox-hh\"><div class=\"w-flipbox-front\" style=\"background-image:url(https:\/\/sti-consulting.com\/wp-content\/uploads\/2025\/08\/Service-Excellence-Grafik-single-1024x859.png);\"><div class=\"w-flipbox-front-h\"><\/div><\/div><div class=\"w-flipbox-back\" style=\"display:none;\"><div class=\"w-flipbox-back-h\"><h4 class=\"w-flipbox-back-title\">Service Excellence<\/h4><div class=\"w-flipbox-back-desc\"><p>Strategische Beratungsleistungen: Service-Management & Kundenbindung<\/p>\n<p>Operativ: Performance Management & Kampagnensteuerung<\/p>\n<p>Mit Customer Service Excellence gestalten wir Serviceprozesse neu \u2013 kundenorientiert, und zukunftsf\u00e4hig. Ziel ist es, den Kundenservice als Werttreiber im Unternehmen zu etablieren und nachhaltige Kundenbindung durch herausragende Service-Erlebnisse zu schaffen.<\/p>\n<\/div><\/div><\/div><\/div><\/div><\/div><\/div><\/div><\/div><div class=\"w-separator size_small\"><\/div><\/div><\/div><\/div><\/div><\/section><section class=\"l-section wpb_row height_medium\"><div class=\"l-section-h i-cf\"><div class=\"g-cols vc_row via_grid cols_1 laptops-cols_inherit tablets-cols_inherit mobiles-cols_1 valign_top type_default stacking_default\"><div class=\"wpb_column vc_column_container\"><div class=\"vc_column-inner\"><div class=\"wpb_text_column\"><div class=\"wpb_wrapper\"><h2 style=\"text-align: center;\">Unsere begeisterten Kunden<\/h2>\n<\/div><\/div><div class=\"w-grid us_carousel us_custom_eb849559 type_carousel layout_gallery_default preload_style_spinner items_6\" id=\"us_grid_1\" style=\"--items:6;--gap:1.5rem;\"><style>.layout_gallery_default .w-grid-item-h{}<\/style><div class=\"w-grid-list owl-carousel valign_middle dotstyle_circle navstyle_circle arrows-ver-pos_middle arrows-hor-pos_on_sides_outside arrows-disabled_hide owl-responsive-2000\" style=\"--transition-duration:350ms;\">\t<article class=\"w-grid-item post-2287 attachment type-attachment status-inherit hentry\" data-id=\"2287\">\r\n\t\t<div class=\"w-grid-item-h\">\r\n\t\t\t\t\t\t<div class=\"w-post-elm post_image usg_post_image_1 stretched\"><img loading=\"lazy\" decoding=\"async\" width=\"250\" height=\"250\" src=\"https:\/\/sti-consulting.com\/wp-content\/uploads\/2023\/07\/STI-Referenz-tset-250x250-1.png\" class=\"attachment-large size-large\" alt=\"\" srcset=\"https:\/\/sti-consulting.com\/wp-content\/uploads\/2023\/07\/STI-Referenz-tset-250x250-1.png 250w, https:\/\/sti-consulting.com\/wp-content\/uploads\/2023\/07\/STI-Referenz-tset-250x250-1-150x150.png 150w\" sizes=\"auto, (max-width: 250px) 100vw, 250px\" \/><\/div>\t\t<\/div>\r\n\t\t\t<\/article>\r\n\t<article class=\"w-grid-item post-2286 attachment type-attachment status-inherit hentry\" data-id=\"2286\">\r\n\t\t<div class=\"w-grid-item-h\">\r\n\t\t\t\t\t\t<div class=\"w-post-elm post_image usg_post_image_1 stretched\"><img loading=\"lazy\" decoding=\"async\" width=\"250\" height=\"250\" src=\"https:\/\/sti-consulting.com\/wp-content\/uploads\/2023\/07\/STI-Referenz-Audi-250x250-1.png\" class=\"attachment-large size-large\" alt=\"\" srcset=\"https:\/\/sti-consulting.com\/wp-content\/uploads\/2023\/07\/STI-Referenz-Audi-250x250-1.png 250w, https:\/\/sti-consulting.com\/wp-content\/uploads\/2023\/07\/STI-Referenz-Audi-250x250-1-150x150.png 150w\" sizes=\"auto, (max-width: 250px) 100vw, 250px\" \/><\/div>\t\t<\/div>\r\n\t\t\t<\/article>\r\n\t<article class=\"w-grid-item post-2285 attachment type-attachment status-inherit hentry\" data-id=\"2285\">\r\n\t\t<div class=\"w-grid-item-h\">\r\n\t\t\t\t\t\t<div class=\"w-post-elm post_image usg_post_image_1 stretched\"><img loading=\"lazy\" decoding=\"async\" width=\"250\" height=\"250\" src=\"https:\/\/sti-consulting.com\/wp-content\/uploads\/2023\/07\/STI-Referenz-Telefonica-250x250-1.png\" class=\"attachment-large size-large\" alt=\"\" srcset=\"https:\/\/sti-consulting.com\/wp-content\/uploads\/2023\/07\/STI-Referenz-Telefonica-250x250-1.png 250w, https:\/\/sti-consulting.com\/wp-content\/uploads\/2023\/07\/STI-Referenz-Telefonica-250x250-1-150x150.png 150w\" sizes=\"auto, (max-width: 250px) 100vw, 250px\" \/><\/div>\t\t<\/div>\r\n\t\t\t<\/article>\r\n\t<article class=\"w-grid-item post-2284 attachment type-attachment status-inherit hentry\" data-id=\"2284\">\r\n\t\t<div class=\"w-grid-item-h\">\r\n\t\t\t\t\t\t<div class=\"w-post-elm post_image usg_post_image_1 stretched\"><img loading=\"lazy\" decoding=\"async\" width=\"250\" height=\"250\" src=\"https:\/\/sti-consulting.com\/wp-content\/uploads\/2023\/07\/STI-Referenz-Lufthansa-250x250-1.png\" class=\"attachment-large size-large\" alt=\"\" srcset=\"https:\/\/sti-consulting.com\/wp-content\/uploads\/2023\/07\/STI-Referenz-Lufthansa-250x250-1.png 250w, https:\/\/sti-consulting.com\/wp-content\/uploads\/2023\/07\/STI-Referenz-Lufthansa-250x250-1-150x150.png 150w\" sizes=\"auto, (max-width: 250px) 100vw, 250px\" \/><\/div>\t\t<\/div>\r\n\t\t\t<\/article>\r\n\t<article class=\"w-grid-item post-2283 attachment type-attachment status-inherit hentry\" data-id=\"2283\">\r\n\t\t<div class=\"w-grid-item-h\">\r\n\t\t\t\t\t\t<div class=\"w-post-elm post_image usg_post_image_1 stretched\"><img loading=\"lazy\" decoding=\"async\" width=\"250\" height=\"250\" src=\"https:\/\/sti-consulting.com\/wp-content\/uploads\/2023\/07\/STI-Referenz-Porsche-250x250-1.png\" class=\"attachment-large size-large\" alt=\"\" srcset=\"https:\/\/sti-consulting.com\/wp-content\/uploads\/2023\/07\/STI-Referenz-Porsche-250x250-1.png 250w, https:\/\/sti-consulting.com\/wp-content\/uploads\/2023\/07\/STI-Referenz-Porsche-250x250-1-150x150.png 150w\" sizes=\"auto, (max-width: 250px) 100vw, 250px\" \/><\/div>\t\t<\/div>\r\n\t\t\t<\/article>\r\n\t<article class=\"w-grid-item post-2282 attachment type-attachment status-inherit hentry\" data-id=\"2282\">\r\n\t\t<div class=\"w-grid-item-h\">\r\n\t\t\t\t\t\t<div class=\"w-post-elm post_image usg_post_image_1 stretched\"><img loading=\"lazy\" decoding=\"async\" width=\"250\" height=\"250\" src=\"https:\/\/sti-consulting.com\/wp-content\/uploads\/2023\/07\/STI-Referenz-Siemens-250x250-1.png\" class=\"attachment-large size-large\" alt=\"\" srcset=\"https:\/\/sti-consulting.com\/wp-content\/uploads\/2023\/07\/STI-Referenz-Siemens-250x250-1.png 250w, https:\/\/sti-consulting.com\/wp-content\/uploads\/2023\/07\/STI-Referenz-Siemens-250x250-1-150x150.png 150w\" sizes=\"auto, (max-width: 250px) 100vw, 250px\" \/><\/div>\t\t<\/div>\r\n\t\t\t<\/article>\r\n\t<article class=\"w-grid-item post-2281 attachment type-attachment status-inherit hentry\" data-id=\"2281\">\r\n\t\t<div class=\"w-grid-item-h\">\r\n\t\t\t\t\t\t<div class=\"w-post-elm post_image usg_post_image_1 stretched\"><img loading=\"lazy\" decoding=\"async\" width=\"250\" height=\"250\" src=\"https:\/\/sti-consulting.com\/wp-content\/uploads\/2023\/07\/STI-Referenz-Allianz-250x250-1.png\" class=\"attachment-large size-large\" alt=\"\" srcset=\"https:\/\/sti-consulting.com\/wp-content\/uploads\/2023\/07\/STI-Referenz-Allianz-250x250-1.png 250w, https:\/\/sti-consulting.com\/wp-content\/uploads\/2023\/07\/STI-Referenz-Allianz-250x250-1-150x150.png 150w\" sizes=\"auto, (max-width: 250px) 100vw, 250px\" \/><\/div>\t\t<\/div>\r\n\t\t\t<\/article>\r\n<\/div><div class=\"w-grid-carousel-json hidden\" onclick='return {&quot;carousel_settings&quot;:{&quot;aria_labels&quot;:{&quot;prev&quot;:&quot;Previous&quot;,&quot;next&quot;:&quot;Next&quot;},&quot;autoplayContinual&quot;:true,&quot;autoplayHoverPause&quot;:false,&quot;autoplayTimeout&quot;:3000,&quot;autoWidth&quot;:false,&quot;smartSpeed&quot;:350,&quot;margin&quot;:0,&quot;mouseDrag&quot;:true,&quot;rtl&quot;:false,&quot;slideBy&quot;:&quot;1&quot;,&quot;touchDrag&quot;:true,&quot;slideTransition&quot;:&quot;&quot;,&quot;responsive&quot;:{&quot;0&quot;:{&quot;autoHeight&quot;:false,&quot;autoplay&quot;:true,&quot;autoWidth&quot;:false,&quot;center&quot;:false,&quot;dots&quot;:false,&quot;items&quot;:4,&quot;loop&quot;:true,&quot;nav&quot;:false,&quot;stagePadding&quot;:0,&quot;slideBy&quot;:&quot;1&quot;},&quot;601&quot;:{&quot;autoHeight&quot;:false,&quot;autoplay&quot;:true,&quot;autoWidth&quot;:false,&quot;center&quot;:false,&quot;dots&quot;:false,&quot;items&quot;:5,&quot;loop&quot;:true,&quot;nav&quot;:false,&quot;stagePadding&quot;:0,&quot;slideBy&quot;:&quot;1&quot;},&quot;1025&quot;:{&quot;autoHeight&quot;:false,&quot;autoplay&quot;:true,&quot;autoWidth&quot;:false,&quot;center&quot;:false,&quot;dots&quot;:false,&quot;items&quot;:5,&quot;loop&quot;:true,&quot;nav&quot;:false,&quot;stagePadding&quot;:0,&quot;slideBy&quot;:&quot;1&quot;},&quot;1361&quot;:{&quot;items&quot;:6,&quot;autoplay&quot;:true,&quot;center&quot;:false,&quot;dots&quot;:false,&quot;nav&quot;:false,&quot;autoHeight&quot;:false,&quot;autoWidth&quot;:false,&quot;loop&quot;:true,&quot;stagePadding&quot;:0}}}}'><\/div><\/div><\/div><\/div><\/div><\/div><\/section><section class=\"l-section wpb_row height_medium\"><div class=\"l-section-h i-cf\"><div class=\"g-cols vc_row via_grid cols_1 laptops-cols_inherit tablets-cols_inherit mobiles-cols_1 valign_top type_default stacking_default\"><div class=\"wpb_column vc_column_container\"><div class=\"vc_column-inner\"><div class=\"wpb_text_column\"><div class=\"wpb_wrapper\"><p><span style=\"color: #7e904c;\"><strong>MIT CUSTOMER EXCELLENCE VON STI KUNDENBEZIEHUNEN FESTIGEN<\/strong><\/span><\/p>\n<\/div><\/div><div class=\"wpb_text_column\"><div class=\"wpb_wrapper\"><h3>Zukunft jetzt!<\/h3>\n<\/div><\/div><div class=\"w-separator size_small\"><\/div><div class=\"g-cols wpb_row us_custom_3395bba1 via_grid cols_2 laptops-cols_inherit tablets-cols_inherit mobiles-cols_1 valign_top type_default stacking_default\" style=\"--columns-gap:3rem;\"><div class=\"wpb_column vc_column_container\"><div class=\"vc_column-inner\"><div class=\"wpb_text_column us_custom_1d4204ef has_text_color\"><div class=\"wpb_wrapper\"><p><em><span>\u201eWirkungsvolle Strategien entstehen dort, wo Kundensicht konsequent mit einem abteilungs\u00fcbergreifenden Alignment verbunden wird. Erst wenn Marketing, CRM, Service und Technologie nicht mehr isoliert agieren, sondern entlang einer gemeinsamen Customer-Lifecycle-Logik ausgerichtet sind, entsteht echte Customer Excellence.\u201c<\/span><\/em><\/p>\n<\/div><\/div><div class=\"w-separator size_medium\"><\/div><div class=\"w-btn-wrapper align_left\"><a class=\"w-btn us-btn-style_3 us_custom_3ba518e8\" target=\"_blank\" href=\"https:\/\/sti-consulting.com\/kontakt\/\"><span class=\"w-btn-label\">JETZT BERATUNG VEREINBAREN<\/span><\/a><\/div><\/div><\/div><div class=\"wpb_column vc_column_container\"><div class=\"vc_column-inner\"><div class=\"w-image us_custom_e89fc51a hide_on_tablets hide_on_mobiles align_center\"><div class=\"w-image-h\"><img decoding=\"async\" width=\"471\" height=\"540\" src=\"https:\/\/sti-consulting.com\/wp-content\/uploads\/2025\/08\/Julia_Freisteller_2.png\" class=\"attachment-large size-large\" alt=\"\" loading=\"lazy\" srcset=\"https:\/\/sti-consulting.com\/wp-content\/uploads\/2025\/08\/Julia_Freisteller_2.png 471w, https:\/\/sti-consulting.com\/wp-content\/uploads\/2025\/08\/Julia_Freisteller_2-262x300.png 262w\" sizes=\"auto, (max-width: 471px) 100vw, 471px\" \/><\/div><\/div><\/div><\/div><\/div><\/div><\/div><\/div><\/div><\/section><section class=\"l-section wpb_row height_medium\"><div class=\"l-section-h i-cf\"><div class=\"g-cols vc_row via_grid cols_1 laptops-cols_inherit tablets-cols_inherit mobiles-cols_1 valign_top type_default stacking_default\"><div class=\"wpb_column vc_column_container\"><div class=\"vc_column-inner\"><div class=\"w-separator size_medium\"><\/div><\/div><\/div><\/div><\/div><\/section>\n","protected":false},"excerpt":{"rendered":"","protected":false},"author":28,"featured_media":0,"parent":0,"menu_order":0,"comment_status":"closed","ping_status":"closed","template":"","meta":{"_acf_changed":false,"footnotes":""},"bilbliothek":[],"class_list":["post-2644","page","type-page","status-publish","hentry"],"acf":[],"_links":{"self":[{"href":"https:\/\/sti-consulting.com\/en\/wp-json\/wp\/v2\/pages\/2644","targetHints":{"allow":["GET"]}}],"collection":[{"href":"https:\/\/sti-consulting.com\/en\/wp-json\/wp\/v2\/pages"}],"about":[{"href":"https:\/\/sti-consulting.com\/en\/wp-json\/wp\/v2\/types\/page"}],"author":[{"embeddable":true,"href":"https:\/\/sti-consulting.com\/en\/wp-json\/wp\/v2\/users\/28"}],"replies":[{"embeddable":true,"href":"https:\/\/sti-consulting.com\/en\/wp-json\/wp\/v2\/comments?post=2644"}],"version-history":[{"count":51,"href":"https:\/\/sti-consulting.com\/en\/wp-json\/wp\/v2\/pages\/2644\/revisions"}],"predecessor-version":[{"id":2743,"href":"https:\/\/sti-consulting.com\/en\/wp-json\/wp\/v2\/pages\/2644\/revisions\/2743"}],"wp:attachment":[{"href":"https:\/\/sti-consulting.com\/en\/wp-json\/wp\/v2\/media?parent=2644"}],"wp:term":[{"taxonomy":"bilbliothek","embeddable":true,"href":"https:\/\/sti-consulting.com\/en\/wp-json\/wp\/v2\/bilbliothek?post=2644"}],"curies":[{"name":"wp","href":"https:\/\/api.w.org\/{rel}","templated":true}]}}