{"id":2552,"date":"2025-06-24T15:27:08","date_gmt":"2025-06-24T13:27:08","guid":{"rendered":"https:\/\/1.sti-consulting.de\/?page_id=2552"},"modified":"2025-10-08T17:25:57","modified_gmt":"2025-10-08T15:25:57","slug":"projekt-management","status":"publish","type":"page","link":"https:\/\/sti-consulting.com\/en\/projekt-management\/","title":{"rendered":"Projekt Management"},"content":{"rendered":"<section class=\"l-section wpb_row us_custom_76dcf46d height_medium\"><div class=\"l-section-h i-cf\"><div class=\"g-cols vc_row via_grid cols_2 laptops-cols_inherit tablets-cols_inherit mobiles-cols_1 valign_top type_default stacking_default\"><div class=\"wpb_column vc_column_container\"><div class=\"vc_column-inner\"><div class=\"wpb_text_column\"><div class=\"wpb_wrapper\"><h1>Projekt<br \/>\nManagement<\/h1>\n<\/div><\/div><div class=\"w-separator size_medium\"><\/div><div class=\"wpb_text_column\"><div class=\"wpb_wrapper\"><p style=\"font-weight: 400;\">Moderne Technologien er\u00f6ffnen neue M\u00f6glichkeiten das eigene Unternehmen effizienter und wettbewerbsf\u00e4higer zu machen. Vorhaben oder Visionen werden oftmals \u00fcber Projekte abgewickelt. Um das volle Potenzial aussch\u00f6pfen zu k\u00f6nnen, sind Umsetzungen in dedizierten IT-Projekten unerl\u00e4sslich. Allerdings erweist sich die entsprechende Planung und Durchf\u00fchrung oft als schwierig.<\/p>\n<p style=\"font-weight: 400;\">STI hilft Ihnen, diese Herausforderungen zu meistern und Ihre Projekte erfolgreich\u00a0umzusetzen.<\/p>\n<\/div><\/div><div class=\"w-separator size_medium\"><\/div><div class=\"w-btn-wrapper align_left\"><a class=\"w-btn us-btn-style_1\" target=\"_blank\" href=\"#kontakt\"><span class=\"w-btn-label\">JETZT INFORMIEREN<\/span><\/a><\/div><\/div><\/div><div class=\"wpb_column vc_column_container\"><div class=\"vc_column-inner\"><div class=\"w-image align_left\"><div class=\"w-image-h\"><img decoding=\"async\" width=\"711\" height=\"896\" src=\"https:\/\/sti-consulting.com\/wp-content\/uploads\/2025\/06\/STI-Projekt-Management-Titelbild.webp\" class=\"attachment-large size-large\" alt=\"\" loading=\"lazy\" srcset=\"https:\/\/sti-consulting.com\/wp-content\/uploads\/2025\/06\/STI-Projekt-Management-Titelbild.webp 711w, https:\/\/sti-consulting.com\/wp-content\/uploads\/2025\/06\/STI-Projekt-Management-Titelbild-238x300.webp 238w\" sizes=\"auto, (max-width: 711px) 100vw, 711px\" \/><\/div><\/div><\/div><\/div><\/div><\/div><\/section><section class=\"l-section wpb_row height_medium\"><div class=\"l-section-h i-cf\"><div class=\"g-cols vc_row via_grid cols_1 laptops-cols_inherit tablets-cols_inherit mobiles-cols_1 valign_top type_default stacking_default\"><div class=\"wpb_column vc_column_container\"><div class=\"vc_column-inner\"><div class=\"wpb_text_column\"><div class=\"wpb_wrapper\"><p><span style=\"color: #7e904c;\"><strong>EFFIZIENTES PROJEKT MANAGEMENT F\u00dcR IHR UNTERNEHMEN<\/strong><\/span><\/p>\n<\/div><\/div><div class=\"wpb_text_column\"><div class=\"wpb_wrapper\"><h2><span style=\"color: #7e904c;\">OPTIMIEREN SIE IHRE PROJEKTE<\/span><br \/>\nMIT DEN EXPERTEN VON STI<\/h2>\n<\/div><\/div><div class=\"w-separator size_small\"><\/div><div class=\"wpb_text_column us_custom_93eccfb2\"><div class=\"wpb_wrapper\"><p>Bei STI begleiten wir Projekte nicht nach Schema F, sondern orientieren uns konsequent an Ihren Zielen, Prozessen und Strukturen. Unsere St\u00e4rke liegt in der Anpassung: flexibel, kundenspezifisch und immer auf Augenh\u00f6he. Wir \u00fcbernehmen Verantwortung, denken mit und setzen Ihre Projekte zuverl\u00e4ssig um \u2013 nicht als externe Berater, sondern als Teil Ihres Teams.<\/p>\n<\/div><\/div><div class=\"w-separator size_medium\"><\/div><div class=\"g-cols wpb_row via_grid cols_3 laptops-cols_inherit tablets-cols_inherit mobiles-cols_1 valign_top type_default stacking_default\" style=\"--columns-gap:3rem;\"><div class=\"wpb_column vc_column_container\"><div class=\"vc_column-inner\"><div class=\"w-flipbox animation_cubetilt direction_w\"><div class=\"w-flipbox-h easing_ease\" style=\"transition-duration:0.5s;\"><div class=\"w-flipbox-hh\"><div class=\"w-flipbox-front us_custom_d4b73539\" style=\"background:var(--color-header-middle-bg);\"><div class=\"w-flipbox-front-h\"><div class=\"w-flipbox-front-icon type_image\" style=\"width:2rem;\"><img loading=\"lazy\" decoding=\"async\" width=\"300\" height=\"300\" src=\"https:\/\/sti-consulting.com\/wp-content\/uploads\/2023\/08\/Icon_Chart_6.svg\" class=\"attachment-medium size-medium\" alt=\"\" \/><\/div><h5 class=\"w-flipbox-front-title\">FLEXIBEL UND ANPASSUNGSF\u00c4HIG<\/h5><\/div><\/div><div class=\"w-flipbox-back us_custom_d4b73539\" style=\"display:none;background:var(--color-header-middle-bg);\"><div class=\"w-flipbox-back-h\"><h5 class=\"w-flipbox-back-title\">FLEXIBEL UND ANPASSUNGSF\u00c4HIG<\/h5><div class=\"w-flipbox-back-desc\"><p>Unser Projektmanagement folgt keiner starren Methode, sondern orientiert sich an dem, was die Situation erfordert. Wir kombinieren klassische, agile und hybride Ans\u00e4tze so, wie es f\u00fcr das Projekt sinnvoll ist \u2013 immer mit Blick auf das Ziel. Dadurch bleiben wir handlungsf\u00e4hig, auch wenn sich Anforderungen ver\u00e4ndern oder Herausforderungen entstehen. Selbst bei unerwarteten Entwicklungen behalten wir den Fokus und liefern stabile Ergebnisse.<\/p>\n<\/div><\/div><\/div><\/div><\/div><\/div><\/div><\/div><div class=\"wpb_column vc_column_container\"><div class=\"vc_column-inner\"><div class=\"w-flipbox animation_cubetilt direction_w\"><div class=\"w-flipbox-h easing_ease\" style=\"transition-duration:0.5s;\"><div class=\"w-flipbox-hh\"><div class=\"w-flipbox-front us_custom_d4b73539\" style=\"background:var(--color-header-middle-bg);\"><div class=\"w-flipbox-front-h\"><div class=\"w-flipbox-front-icon type_image\" style=\"width:2rem;\"><img loading=\"lazy\" decoding=\"async\" width=\"300\" height=\"300\" src=\"https:\/\/sti-consulting.com\/wp-content\/uploads\/2023\/09\/Icon_Idea_1.svg\" class=\"attachment-medium size-medium\" alt=\"\" \/><\/div><h5 class=\"w-flipbox-front-title\">KUNDENSPEZIFISCH<\/h5><\/div><\/div><div class=\"w-flipbox-back us_custom_d4b73539\" style=\"display:none;background:var(--color-header-middle-bg);\"><div class=\"w-flipbox-back-h\"><h5 class=\"w-flipbox-back-title\">KUNDENSPEZIFISCH<\/h5><div class=\"w-flipbox-back-desc\"><p>STI legt besonderen Wert darauf, sich in die individuelle Situation jedes Kunden hineinzudenken. Jedes Projekt startet mit einer Analyse der Anforderungen und Rahmenbedingungen. Auch, wenn Projekte bereits gestartet sind, finden wir uns in den bestehenden Organisationen und Strukturen schnell zurecht. Statt Standardl\u00f6sungen zu verfolgen, entwickeln wir Ma\u00dfnahmen, die passgenau auf Ihr Projekt zugeschnitten sind.<\/p>\n<\/div><\/div><\/div><\/div><\/div><\/div><\/div><\/div><div class=\"wpb_column vc_column_container\"><div class=\"vc_column-inner\"><div class=\"w-flipbox animation_cubetilt direction_w\"><div class=\"w-flipbox-h easing_ease\" style=\"transition-duration:0.5s;\"><div class=\"w-flipbox-hh\"><div class=\"w-flipbox-front us_custom_d4b73539\" style=\"background:var(--color-header-middle-bg);\"><div class=\"w-flipbox-front-h\"><div class=\"w-flipbox-front-icon type_image\" style=\"width:2rem;\"><img loading=\"lazy\" decoding=\"async\" width=\"300\" height=\"300\" src=\"https:\/\/sti-consulting.com\/wp-content\/uploads\/2023\/09\/Icon_Surprise.svg\" class=\"attachment-medium size-medium\" alt=\"\" \/><\/div><h5 class=\"w-flipbox-front-title\">PARTNER AUF AUGENH\u00d6HE<\/h5><\/div><\/div><div class=\"w-flipbox-back us_custom_d4b73539\" style=\"display:none;background:var(--color-header-middle-bg);\"><div class=\"w-flipbox-back-h\"><h5 class=\"w-flipbox-back-title\">PARTNER AUF AUGENH\u00d6HE<\/h5><div class=\"w-flipbox-back-desc\"><p>Bei STI steht nicht die Dienstleistung im Vordergrund, sondern die Partnerschaft. Wir arbeiten eng mit unseren Kunden zusammen, h\u00f6ren zu, geben ehrliches Feedback und \u00fcbernehmen Verantwortung. Transparenz, Verl\u00e4sslichkeit und regelm\u00e4\u00dfiger Austausch sorgen daf\u00fcr, dass alle am selben Strang ziehen.<\/p>\n<\/div><\/div><\/div><\/div><\/div><\/div><\/div><\/div><\/div><\/div><\/div><\/div><\/div><\/section><section class=\"l-section wpb_row us_custom_ab556406 height_medium\"><div class=\"l-section-h i-cf\"><div class=\"g-cols vc_row via_grid cols_1 laptops-cols_inherit tablets-cols_inherit mobiles-cols_1 valign_top type_default stacking_default\"><div class=\"wpb_column vc_column_container\"><div class=\"vc_column-inner\"><div class=\"wpb_text_column\"><div class=\"wpb_wrapper\"><h3 style=\"text-align: center;\">Das STI Projekt Management<\/h3>\n<\/div><\/div><div class=\"w-separator size_small\"><\/div><div class=\"wpb_text_column\"><div class=\"wpb_wrapper\"><p style=\"text-align: center;\">Die erfahrenen Projektmanager nutzen bew\u00e4hrte Methoden und modernste Tools, um Ihre Projekte zu planen, zu \u00fcberwachen und erfolgreich abzuschlie\u00dfen. Von der initialen Planung bis zum Abschluss stehen wir Ihnen zur Seite.<\/p>\n<\/div><\/div><div class=\"w-separator size_medium\"><\/div><div class=\"g-cols wpb_row via_grid cols_2 laptops-cols_inherit tablets-cols_inherit mobiles-cols_1 valign_top type_default stacking_default\" style=\"--columns-gap:3rem;\"><div class=\"wpb_column vc_column_container\"><div class=\"vc_column-inner\"><div class=\"w-image style_circle align_center\"><div class=\"w-image-h\"><img decoding=\"async\" width=\"254\" height=\"287\" src=\"https:\/\/sti-consulting.com\/wp-content\/uploads\/2025\/06\/Foto_Michael_Tichatschke_18-2.jpg\" class=\"attachment-gform-image-choice-sm size-gform-image-choice-sm\" alt=\"\" loading=\"lazy\" \/><\/div><\/div><div class=\"w-separator size_small\"><\/div><div class=\"wpb_text_column\"><div class=\"wpb_wrapper\"><p style=\"text-align: center;\"><strong>Michael Tichatschke<\/strong><\/p>\n<p style=\"text-align: center;\"><em>Team-Lead Projektmanagement &amp; PMO<\/em><br \/>\n<a href=\"mailto:michael.tichatschke@sti-consulting.com\"><em>michael.tichatschke@sti-consulting.com<\/em><\/a><\/p>\n<\/div><\/div><div class=\"w-separator size_small\"><\/div><div class=\"w-btn-wrapper align_center\"><a class=\"w-btn us-btn-style_1\" target=\"_blank\" href=\"#kontakt\"><span class=\"w-btn-label\">GESPR\u00c4CH VEREINBAREN<\/span><\/a><\/div><\/div><\/div><div class=\"wpb_column vc_column_container\"><div class=\"vc_column-inner\"><div class=\"wpb_text_column\"><div class=\"wpb_wrapper\"><p><em>&#8220;Projekte sind der Schl\u00fcssel zur Erreichung strategischer Unternehmensziele. Mit guter Planung und Steuerung lassen sich komplexe Vorhaben umsetzen und nachhaltige Werte schaffen. Als Berater bringe ich meine Begeisterung und Erfahrung im Projekt- und Portfoliomanagement gewinnbringend in die Projekte unserer Kunden ein.&#8221;<\/em><\/p>\n<\/div><\/div><\/div><\/div><\/div><div class=\"w-separator size_large\"><\/div><\/div><\/div><\/div><\/div><\/section><section class=\"l-section wpb_row height_medium\"><div class=\"l-section-h i-cf\"><div class=\"g-cols vc_row via_grid cols_1 laptops-cols_inherit tablets-cols_inherit mobiles-cols_1 valign_top type_default stacking_default\"><div class=\"wpb_column vc_column_container\"><div class=\"vc_column-inner\"><div class=\"wpb_text_column\"><div class=\"wpb_wrapper\"><p><span style=\"color: #7e904c;\"><strong>SO INDIVIDUELL WIE IHR PROJEKT SELBST<\/strong><\/span><\/p>\n<\/div><\/div><div class=\"wpb_text_column\"><div class=\"wpb_wrapper\"><h2>Arten der Zusammenarbeit<\/h2>\n<\/div><\/div><div class=\"w-separator size_small\"><\/div><div class=\"g-cols wpb_row via_grid cols_2 laptops-cols_inherit tablets-cols_inherit mobiles-cols_1 valign_top type_default stacking_default\" style=\"--columns-gap:3rem;\"><div class=\"wpb_column vc_column_container\"><div class=\"vc_column-inner\"><div class=\"wpb_text_column us_custom_29ac2ce0\"><div class=\"wpb_wrapper\"><p>Ob wir Ihnen die L\u00f6sung end-to-end anbieten, in einem laufenden Projekt unterst\u00fctzen, oder den Betrieb der bereits implementierten L\u00f6sung \u00fcbernehmen, entscheiden Sie!<\/p>\n<\/div><\/div><div class=\"w-separator size_small\"><\/div><div class=\"w-image us_custom_4da4b8e7 align_left\"><div class=\"w-image-h\"><img decoding=\"async\" width=\"443\" height=\"214\" src=\"https:\/\/sti-consulting.com\/wp-content\/uploads\/2023\/09\/STI_Arten-der-Zusammenarbeit.png\" class=\"attachment-large size-large\" alt=\"\" loading=\"lazy\" srcset=\"https:\/\/sti-consulting.com\/wp-content\/uploads\/2023\/09\/STI_Arten-der-Zusammenarbeit.png 443w, https:\/\/sti-consulting.com\/wp-content\/uploads\/2023\/09\/STI_Arten-der-Zusammenarbeit-300x145.png 300w\" sizes=\"auto, (max-width: 443px) 100vw, 443px\" \/><\/div><\/div><div class=\"w-separator size_small\"><\/div><div class=\"w-btn-wrapper align_left\"><a class=\"w-btn us-btn-style_1\" target=\"_blank\" href=\"#kontakt\"><span class=\"w-btn-label\">GESPR\u00c4CH VEREINBAREN<\/span><\/a><\/div><\/div><\/div><div class=\"wpb_column vc_column_container\"><div class=\"vc_column-inner\"><div class=\"w-video align_none ratio_16x9 has_iframe\"><div class=\"w-video-h\"><iframe title=\"Youtube video player\" src=\"\/\/www.youtube.com\/embed\/ujLFcb2yq0E?autoplay=0&controls=0&origin=https:\/\/sti-consulting.com\/en\/&loop=0&mute=0\" allowfullscreen=\"1\" loading=\"lazy\"><\/iframe><\/div><\/div><\/div><\/div><\/div><\/div><\/div><\/div><\/div><\/section><section class=\"l-section wpb_row height_medium\" id=\"kontakt\"><div class=\"l-section-h i-cf\"><div class=\"g-cols vc_row via_grid cols_1 laptops-cols_inherit tablets-cols_inherit mobiles-cols_1 valign_top type_default stacking_default\"><div class=\"wpb_column vc_column_container\"><div class=\"vc_column-inner\"><div class=\"wpb_text_column\"><div class=\"wpb_wrapper\"><p><span style=\"color: #7e904c;\"><strong>DAS STI PROJEKT MANAGEMENT<\/strong><\/span><\/p>\n<\/div><\/div><div class=\"wpb_text_column\"><div class=\"wpb_wrapper\"><h3>Zukunft jetzt!<\/h3>\n<\/div><\/div><div class=\"w-separator size_small\"><\/div><div class=\"g-cols wpb_row us_custom_fb27f00d via_grid cols_2 laptops-cols_inherit tablets-cols_inherit mobiles-cols_1 valign_top type_default stacking_default\" style=\"--columns-gap:3rem;\"><div class=\"wpb_column vc_column_container\"><div class=\"vc_column-inner\"><div class=\"wpb_text_column us_custom_1d4204ef has_text_color\"><div class=\"wpb_wrapper\"><p>WIR LEBEN IN DYNAMISCHEN, WEGWEISENDEN ZEITEN UND ES IST F\u00dcR UNTERNEHMEN UNABDINGBAR, SICH MITTELS MODERNSTER TECHNOLOGIEN AUF DIE ZUKUNFT VORZUBEREITEN!<\/p>\n<\/div><\/div><div class=\"w-separator size_medium\"><\/div><div class=\"w-btn-wrapper align_left\"><a class=\"w-btn us-btn-style_3 us_custom_3ba518e8\" target=\"_blank\" href=\"mailto:christian.becker@sti-consulting.com\"><span class=\"w-btn-label\">JETZT BERATUNG VEREINBAREN<\/span><\/a><\/div><\/div><\/div><div class=\"wpb_column vc_column_container\"><div class=\"vc_column-inner\"><div class=\"w-image us_custom_e6970089 hide_on_tablets hide_on_mobiles align_right\"><div class=\"w-image-h\"><img decoding=\"async\" width=\"700\" height=\"700\" src=\"https:\/\/sti-consulting.com\/wp-content\/uploads\/2025\/04\/STI_Profilbild_Christian_Becker_Freisteller.webp\" class=\"attachment-large size-large\" alt=\"\" loading=\"lazy\" srcset=\"https:\/\/sti-consulting.com\/wp-content\/uploads\/2025\/04\/STI_Profilbild_Christian_Becker_Freisteller.webp 700w, https:\/\/sti-consulting.com\/wp-content\/uploads\/2025\/04\/STI_Profilbild_Christian_Becker_Freisteller-300x300.webp 300w, https:\/\/sti-consulting.com\/wp-content\/uploads\/2025\/04\/STI_Profilbild_Christian_Becker_Freisteller-150x150.webp 150w\" sizes=\"auto, (max-width: 700px) 100vw, 700px\" \/><\/div><\/div><\/div><\/div><\/div><\/div><\/div><\/div><\/div><\/section>\n","protected":false},"excerpt":{"rendered":"Projekt Management Moderne Technologien er\u00f6ffnen neue M\u00f6glichkeiten das eigene Unternehmen effizienter und wettbewerbsf\u00e4higer zu machen. Vorhaben oder Visionen werden oftmals \u00fcber Projekte abgewickelt. Um das volle Potenzial aussch\u00f6pfen zu k\u00f6nnen, sind Umsetzungen in dedizierten IT-Projekten unerl\u00e4sslich. Allerdings erweist sich die entsprechende Planung und Durchf\u00fchrung oft als schwierig. STI hilft Ihnen, diese Herausforderungen zu meistern und...","protected":false},"author":3,"featured_media":0,"parent":0,"menu_order":0,"comment_status":"closed","ping_status":"closed","template":"","meta":{"_acf_changed":false,"footnotes":""},"bilbliothek":[],"class_list":["post-2552","page","type-page","status-publish","hentry"],"acf":[],"_links":{"self":[{"href":"https:\/\/sti-consulting.com\/en\/wp-json\/wp\/v2\/pages\/2552","targetHints":{"allow":["GET"]}}],"collection":[{"href":"https:\/\/sti-consulting.com\/en\/wp-json\/wp\/v2\/pages"}],"about":[{"href":"https:\/\/sti-consulting.com\/en\/wp-json\/wp\/v2\/types\/page"}],"author":[{"embeddable":true,"href":"https:\/\/sti-consulting.com\/en\/wp-json\/wp\/v2\/users\/3"}],"replies":[{"embeddable":true,"href":"https:\/\/sti-consulting.com\/en\/wp-json\/wp\/v2\/comments?post=2552"}],"version-history":[{"count":4,"href":"https:\/\/sti-consulting.com\/en\/wp-json\/wp\/v2\/pages\/2552\/revisions"}],"predecessor-version":[{"id":2744,"href":"https:\/\/sti-consulting.com\/en\/wp-json\/wp\/v2\/pages\/2552\/revisions\/2744"}],"wp:attachment":[{"href":"https:\/\/sti-consulting.com\/en\/wp-json\/wp\/v2\/media?parent=2552"}],"wp:term":[{"taxonomy":"bilbliothek","embeddable":true,"href":"https:\/\/sti-consulting.com\/en\/wp-json\/wp\/v2\/bilbliothek?post=2552"}],"curies":[{"name":"wp","href":"https:\/\/api.w.org\/{rel}","templated":true}]}}