{"id":1813,"date":"2024-10-02T10:14:09","date_gmt":"2024-10-02T08:14:09","guid":{"rendered":"https:\/\/1.sti-consulting.de\/?page_id=1813"},"modified":"2024-10-02T10:14:51","modified_gmt":"2024-10-02T08:14:51","slug":"papers","status":"publish","type":"page","link":"https:\/\/sti-consulting.com\/en\/papers\/","title":{"rendered":"Papers"},"content":{"rendered":"<section class=\"l-section wpb_row height_medium\"><div class=\"l-section-h i-cf\"><div class=\"g-cols vc_row via_grid cols_1 laptops-cols_inherit tablets-cols_inherit mobiles-cols_1 valign_top type_default stacking_default\"><div class=\"wpb_column vc_column_container\"><div class=\"vc_column-inner\"><div class=\"g-cols wpb_row via_grid cols_2 laptops-cols_inherit tablets-cols_inherit mobiles-cols_1 valign_top type_default stacking_default\" style=\"--columns-gap:3rem;\"><div class=\"wpb_column vc_column_container\"><div class=\"vc_column-inner\"><div class=\"wpb_text_column\"><div class=\"wpb_wrapper\"><h1><span>STI Papers<\/span><\/h1>\n<p>Die Papers von STI-Consulting bieten wertvolle Einblicke in die digitale Transformation und Datenanalyse.<br \/>\nLaden Sie die Papers herunter, um tiefere Einblicke in modernste Technologien und bew\u00e4hrte Methoden zu gewinnen, die Ihrem Unternehmen den Weg in die digitale Zukunft ebnen.<\/p>\n<\/div><\/div><div class=\"w-separator size_medium\"><\/div><\/div><\/div><div class=\"wpb_column vc_column_container\"><div class=\"vc_column-inner\"><\/div><\/div><\/div><div class=\"w-grid us_grid type_grid layout_1780 cols_3 preload_style_spinner\" id=\"us_grid_1\" style=\"--columns:3;--gap:1.5rem;\" data-filterable=\"true\"><style>@media (max-width:1024px){#us_grid_1{--columns:2!important}}@media (max-width:600px){#us_grid_1{--columns:1!important}}.layout_1780 .w-grid-item-h{}.layout_1780 .usg_vwrapper_1{transition-duration:0.3s;transform-origin:50% 50%;transform:scale(0.95) translate(0%,0%)}.layout_1780 .w-grid-item-h:focus-within .usg_vwrapper_1,.layout_1780 .w-grid-item-h:hover .usg_vwrapper_1{transform:scale(1) translate(0%,0%);opacity:1}.layout_1780 .usg_post_title_1{font-size:1.4rem!important;font-weight:700!important;margin:8px 20px 0.5rem 20px!important}.layout_1780 .usg_post_content_1{font-size:18px!important;font-style:italic!important;max-width:600px!important;margin-left:20px!important;margin-top:0.5rem!important;margin-right:20px!important}.layout_1780 .usg_btn_1{margin-left:-300px!important;margin-top:20px!important;margin-bottom:20px!important}.layout_1780 .usg_vwrapper_1{border-radius:0 0 10% 0!important;box-shadow:0.1rem 0.1rem 0.4rem 0.1rem var(--color-header-top-transparent-bg)!important}.layout_1780 .usg_post_author_1{margin-left:20px!important}.layout_1780 .usg_post_taxonomy_1{margin-left:20px!important;margin-top:20px!important}@media (min-width:1025px) and (max-width:1360px){.layout_1780 .usg_btn_1{margin-left:-300px!important;margin-top:20px!important;margin-bottom:20px!important}}@media (min-width:601px) and (max-width:1024px){.layout_1780 .usg_btn_1{margin-left:15px!important;margin-top:20px!important;margin-bottom:20px!important}}@media (max-width:600px){.layout_1780 .usg_btn_1{margin-left:15px!important;margin-top:20px!important;margin-bottom:20px!important}}<\/style><div class=\"w-grid-list\">\t<article class=\"w-grid-item size_1x1 post-2251 paper type-paper status-publish format-standard hentry category-digital-excellence category-papers\" data-id=\"2251\">\r\n\t\t<div class=\"w-grid-item-h\">\r\n\t\t\t\t\t\t<div class=\"w-vwrapper usg_vwrapper_1 align_none valign_top\"><div class=\"w-post-elm post_taxonomy usg_post_taxonomy_1 style_badge color_link_inherit\"><div class=\"w-post-elm-list\"><a class=\"w-btn us-btn-style_5 term-29 term-digital-excellence\" href=\"https:\/\/sti-consulting.com\/category\/digital-excellence\/\"><span class=\"w-btn-label\">Digital Excellence<\/span><\/a><a class=\"w-btn us-btn-style_5 term-36 term-papers\" href=\"https:\/\/sti-consulting.com\/category\/papers\/\"><span class=\"w-btn-label\">Papers<\/span><\/a><\/div><\/div><h3 class=\"w-post-elm post_title usg_post_title_1 entry-title color_link_inherit\"><a href=\"https:\/\/sti-consulting.com\/en\/paper\/kuenstliche-intelligenz-in-der-logistik\/\">K\u00fcnstliche Intelligenz in der Logistik<\/a><\/h3><div class=\"w-hwrapper usg_hwrapper_1 align_none valign_top\"><div class=\"w-post-elm post_author usg_post_author_1 vcard author color_link_inherit with_ava avapos_left\"><a href=\"https:\/\/sti-consulting.com\/en\/paper\/kuenstliche-intelligenz-in-der-logistik\/\" class=\"fn\" aria-hidden=\"true\" tabindex=\"-1\"><div class=\"post-author-ava\" style=\"font-size:70px;\"><img loading=\"lazy\" decoding=\"async\" src=\"https:\/\/sti-consulting.com\/wp-content\/uploads\/2023\/08\/STI-Bartosch-freisteller-150x150.png\" width=\"70\" height=\"70\" srcset=\"https:\/\/sti-consulting.com\/wp-content\/uploads\/2023\/08\/STI-Bartosch-freisteller-150x150.png 2x\" alt=\"Bartosch Kraszewski\" class=\"avatar avatar-70 wp-user-avatar wp-user-avatar-70 alignnone photo\" \/><\/div><\/a><div class=\"post-author-meta\"><a href=\"https:\/\/sti-consulting.com\/en\/paper\/kuenstliche-intelligenz-in-der-logistik\/\" class=\"post-author-name fn\">Bartosch Kraszewski<\/a><\/div><\/div><\/div><div class=\"w-post-elm post_content usg_post_content_1\">K\u00fcnstliche Intelligenz in der Logistik Komplexe Lieferketten, steigende Kundenerwartungen und der globale Wettbewerbsdruck verlangen Effizienz und Flexibilit\u00e4t. Das sind aktuell die wesentlichen Herausforderungen der Logistik-Branche. Jedoch er\u00f6ffnen technologische Fortschritte, wie&hellip;<\/div><a class=\"w-btn us-btn-style_4 usg_btn_1\" href=\"https:\/\/sti-consulting.com\/en\/paper\/kuenstliche-intelligenz-in-der-logistik\/\"><span class=\"w-btn-label\">> weiterlesen<\/span><\/a><\/div>\t\t<\/div>\r\n\t\t\t<\/article>\r\n\t<article class=\"w-grid-item size_1x1 post-1877 paper type-paper status-publish format-standard hentry category-data-science category-papers\" data-id=\"1877\">\r\n\t\t<div class=\"w-grid-item-h\">\r\n\t\t\t\t\t\t<div class=\"w-vwrapper usg_vwrapper_1 align_none valign_top\"><div class=\"w-post-elm post_taxonomy usg_post_taxonomy_1 style_badge color_link_inherit\"><div class=\"w-post-elm-list\"><a class=\"w-btn us-btn-style_5 term-30 term-data-science\" href=\"https:\/\/sti-consulting.com\/category\/data-science\/\"><span class=\"w-btn-label\">AI &amp; Data Science<\/span><\/a><a class=\"w-btn us-btn-style_5 term-36 term-papers\" href=\"https:\/\/sti-consulting.com\/category\/papers\/\"><span class=\"w-btn-label\">Papers<\/span><\/a><\/div><\/div><h3 class=\"w-post-elm post_title usg_post_title_1 entry-title color_link_inherit\"><a href=\"https:\/\/sti-consulting.com\/en\/paper\/das-sti-ai-use-case-canvas\/\">Das STI &#8220;AI USE CASE CANVAS&#8221;<\/a><\/h3><div class=\"w-hwrapper usg_hwrapper_1 align_none valign_top\"><div class=\"w-post-elm post_author usg_post_author_1 vcard author color_link_inherit with_ava avapos_left\"><a href=\"https:\/\/sti-consulting.com\/en\/paper\/das-sti-ai-use-case-canvas\/\" class=\"fn\" aria-hidden=\"true\" tabindex=\"-1\"><div class=\"post-author-ava\" style=\"font-size:70px;\"><img loading=\"lazy\" decoding=\"async\" src=\"https:\/\/sti-consulting.com\/wp-content\/uploads\/2023\/09\/STI_Michael-Heck.png\" width=\"70\" height=\"70\" srcset=\"https:\/\/sti-consulting.com\/wp-content\/uploads\/2023\/09\/STI_Michael-Heck.png 2x\" alt=\"Michael Heck\" class=\"avatar avatar-70 wp-user-avatar wp-user-avatar-70 alignnone photo\" \/><\/div><\/a><div class=\"post-author-meta\"><a href=\"https:\/\/sti-consulting.com\/en\/paper\/das-sti-ai-use-case-canvas\/\" class=\"post-author-name fn\">Michael Heck<\/a><\/div><\/div><\/div><div class=\"w-post-elm post_content usg_post_content_1\">Das STI &#8220;AI USE CASE CANVAS&#8221; Mit unserem AI Canvas k\u00f6nnen individuell die AI-Projekte identifiziert werden, die den gr\u00f6\u00dften Nutzen im Unternehmen stiften. Damit sind Sie in der Lage diese&hellip;<\/div><a class=\"w-btn us-btn-style_4 usg_btn_1\" href=\"https:\/\/sti-consulting.com\/en\/paper\/das-sti-ai-use-case-canvas\/\"><span class=\"w-btn-label\">> weiterlesen<\/span><\/a><\/div>\t\t<\/div>\r\n\t\t\t<\/article>\r\n\t<article class=\"w-grid-item size_1x1 post-1861 paper type-paper status-publish format-standard hentry category-digital-excellence category-papers\" data-id=\"1861\">\r\n\t\t<div class=\"w-grid-item-h\">\r\n\t\t\t\t\t\t<div class=\"w-vwrapper usg_vwrapper_1 align_none valign_top\"><div class=\"w-post-elm post_taxonomy usg_post_taxonomy_1 style_badge color_link_inherit\"><div class=\"w-post-elm-list\"><a class=\"w-btn us-btn-style_5 term-29 term-digital-excellence\" href=\"https:\/\/sti-consulting.com\/category\/digital-excellence\/\"><span class=\"w-btn-label\">Digital Excellence<\/span><\/a><a class=\"w-btn us-btn-style_5 term-36 term-papers\" href=\"https:\/\/sti-consulting.com\/category\/papers\/\"><span class=\"w-btn-label\">Papers<\/span><\/a><\/div><\/div><h3 class=\"w-post-elm post_title usg_post_title_1 entry-title color_link_inherit\"><a href=\"https:\/\/sti-consulting.com\/en\/paper\/auftragsmanagement-in-smb\/\">Auftragsmanagement in SMB<\/a><\/h3><div class=\"w-hwrapper usg_hwrapper_1 align_none valign_top\"><div class=\"w-post-elm post_author usg_post_author_1 vcard author color_link_inherit with_ava avapos_left\"><a href=\"https:\/\/sti-consulting.com\/en\/paper\/auftragsmanagement-in-smb\/\" class=\"fn\" aria-hidden=\"true\" tabindex=\"-1\"><div class=\"post-author-ava\" style=\"font-size:70px;\"><img loading=\"lazy\" decoding=\"async\" src=\"https:\/\/sti-consulting.com\/wp-content\/uploads\/2023\/08\/STI-Bartosch-freisteller-150x150.png\" width=\"70\" height=\"70\" srcset=\"https:\/\/sti-consulting.com\/wp-content\/uploads\/2023\/08\/STI-Bartosch-freisteller-150x150.png 2x\" alt=\"Bartosch Kraszewski\" class=\"avatar avatar-70 wp-user-avatar wp-user-avatar-70 alignnone photo\" \/><\/div><\/a><div class=\"post-author-meta\"><a href=\"https:\/\/sti-consulting.com\/en\/paper\/auftragsmanagement-in-smb\/\" class=\"post-author-name fn\">Bartosch Kraszewski<\/a><\/div><\/div><\/div><div class=\"w-post-elm post_content usg_post_content_1\">Schwierigkeiten im Auftragsmanagement? Erfahren Sie in unserem neuen Paper, wie Sie die Effizienz Ihres Auftragsmanagements steigern und Ihre Kundenzufriedenheit erh\u00f6hen k\u00f6nnen. Unser Paper bietet einen tiefen Einblick in die Herausforderungen,&hellip;<\/div><a class=\"w-btn us-btn-style_4 usg_btn_1\" href=\"https:\/\/sti-consulting.com\/en\/paper\/auftragsmanagement-in-smb\/\"><span class=\"w-btn-label\">> weiterlesen<\/span><\/a><\/div>\t\t<\/div>\r\n\t\t\t<\/article>\r\n\t<article class=\"w-grid-item size_1x1 post-1737 paper type-paper status-publish format-standard hentry category-data-science category-papers bilbliothek-biblio\" data-id=\"1737\">\r\n\t\t<div class=\"w-grid-item-h\">\r\n\t\t\t\t\t\t<div class=\"w-vwrapper usg_vwrapper_1 align_none valign_top\"><div class=\"w-post-elm post_taxonomy usg_post_taxonomy_1 style_badge color_link_inherit\"><div class=\"w-post-elm-list\"><a class=\"w-btn us-btn-style_5 term-30 term-data-science\" href=\"https:\/\/sti-consulting.com\/category\/data-science\/\"><span class=\"w-btn-label\">AI &amp; Data Science<\/span><\/a><a class=\"w-btn us-btn-style_5 term-36 term-papers\" href=\"https:\/\/sti-consulting.com\/category\/papers\/\"><span class=\"w-btn-label\">Papers<\/span><\/a><\/div><\/div><h3 class=\"w-post-elm post_title usg_post_title_1 entry-title color_link_inherit\"><a href=\"https:\/\/sti-consulting.com\/en\/paper\/chancen-und-risiken-beim-einsatz-von-ki-in-kmu\/\">Chancen und Risiken beim Einsatz von KI in KMU<\/a><\/h3><div class=\"w-hwrapper usg_hwrapper_1 align_none valign_top\"><div class=\"w-post-elm post_author usg_post_author_1 vcard author color_link_inherit with_ava avapos_left\"><a href=\"https:\/\/sti-consulting.com\/en\/paper\/chancen-und-risiken-beim-einsatz-von-ki-in-kmu\/\" class=\"fn\" aria-hidden=\"true\" tabindex=\"-1\"><div class=\"post-author-ava\" style=\"font-size:70px;\"><img loading=\"lazy\" decoding=\"async\" src=\"https:\/\/sti-consulting.com\/wp-content\/uploads\/2023\/09\/STI_Michael-Heck.png\" width=\"70\" height=\"70\" srcset=\"https:\/\/sti-consulting.com\/wp-content\/uploads\/2023\/09\/STI_Michael-Heck.png 2x\" alt=\"Michael Heck\" class=\"avatar avatar-70 wp-user-avatar wp-user-avatar-70 alignnone photo\" \/><\/div><\/a><div class=\"post-author-meta\"><a href=\"https:\/\/sti-consulting.com\/en\/paper\/chancen-und-risiken-beim-einsatz-von-ki-in-kmu\/\" class=\"post-author-name fn\">Michael Heck<\/a><\/div><\/div><\/div><div class=\"w-post-elm post_content usg_post_content_1\">Chancen und Risiken beim Einsatz von KI in KMU Die Entwicklung k\u00fcnstlicher Intelligenz (KI) hat in j\u00fcngster Zeit beeindruckende Spr\u00fcnge vollzogen. Sie reicht von fortschrittlichen Systemen der Sprach- und Bilderkennung&hellip;<\/div><a class=\"w-btn us-btn-style_4 usg_btn_1\" href=\"https:\/\/sti-consulting.com\/en\/paper\/chancen-und-risiken-beim-einsatz-von-ki-in-kmu\/\"><span class=\"w-btn-label\">> weiterlesen<\/span><\/a><\/div>\t\t<\/div>\r\n\t\t\t<\/article>\r\n\t<article class=\"w-grid-item size_1x1 post-1735 paper type-paper status-publish format-standard hentry category-digital-excellence category-papers bilbliothek-biblio\" data-id=\"1735\">\r\n\t\t<div class=\"w-grid-item-h\">\r\n\t\t\t\t\t\t<div class=\"w-vwrapper usg_vwrapper_1 align_none valign_top\"><div class=\"w-post-elm post_taxonomy usg_post_taxonomy_1 style_badge color_link_inherit\"><div class=\"w-post-elm-list\"><a class=\"w-btn us-btn-style_5 term-29 term-digital-excellence\" href=\"https:\/\/sti-consulting.com\/category\/digital-excellence\/\"><span class=\"w-btn-label\">Digital Excellence<\/span><\/a><a class=\"w-btn us-btn-style_5 term-36 term-papers\" href=\"https:\/\/sti-consulting.com\/category\/papers\/\"><span class=\"w-btn-label\">Papers<\/span><\/a><\/div><\/div><h3 class=\"w-post-elm post_title usg_post_title_1 entry-title color_link_inherit\"><a href=\"https:\/\/sti-consulting.com\/en\/paper\/digitale-transformation-fuer-kmu\/\">Digitale Transformation f\u00fcr KMU<\/a><\/h3><div class=\"w-hwrapper usg_hwrapper_1 align_none valign_top\"><div class=\"w-post-elm post_author usg_post_author_1 vcard author color_link_inherit with_ava avapos_left\"><a href=\"https:\/\/sti-consulting.com\/en\/paper\/digitale-transformation-fuer-kmu\/\" class=\"fn\" aria-hidden=\"true\" tabindex=\"-1\"><div class=\"post-author-ava\" style=\"font-size:70px;\"><img loading=\"lazy\" decoding=\"async\" src=\"https:\/\/sti-consulting.com\/wp-content\/uploads\/2023\/08\/STI-Bartosch-freisteller-150x150.png\" width=\"70\" height=\"70\" srcset=\"https:\/\/sti-consulting.com\/wp-content\/uploads\/2023\/08\/STI-Bartosch-freisteller-150x150.png 2x\" alt=\"Bartosch Kraszewski\" class=\"avatar avatar-70 wp-user-avatar wp-user-avatar-70 alignnone photo\" \/><\/div><\/a><div class=\"post-author-meta\"><a href=\"https:\/\/sti-consulting.com\/en\/paper\/digitale-transformation-fuer-kmu\/\" class=\"post-author-name fn\">Bartosch Kraszewski<\/a><\/div><\/div><\/div><div class=\"w-post-elm post_content usg_post_content_1\">Digitale Transformation f\u00fcr KMU Die \u201edigitale Transformation\u201c hilft Unternehmen aktuelle Herausforderungen bei Themen wie IT-Security, Skalierbarkeit und Flexibilita\u0308t, Fachkra\u0308ftemangel und die Anforderungen an heterogene IT-Landschaften zu meistern \u2013 mit dem&hellip;<\/div><a class=\"w-btn us-btn-style_4 usg_btn_1\" href=\"https:\/\/sti-consulting.com\/en\/paper\/digitale-transformation-fuer-kmu\/\"><span class=\"w-btn-label\">> weiterlesen<\/span><\/a><\/div>\t\t<\/div>\r\n\t\t\t<\/article>\r\n<\/div>\t<div class=\"w-grid-preloader\">\r\n\t\t<div class=\"g-preloader type_custom\">\r\n\t\t\t<div><img loading=\"lazy\" decoding=\"async\" width=\"300\" height=\"300\" src=\"https:\/\/sti-consulting.com\/wp-content\/uploads\/2023\/07\/Logo_STI_Straight_blue.svg\" class=\"attachment-medium size-medium\" alt=\"\" \/><\/div>\r\n\t\t<\/div>\r\n\t<\/div>\r\n\t\t<div class=\"w-grid-json hidden\" onclick='return {&quot;action&quot;:&quot;us_ajax_grid&quot;,&quot;infinite_scroll&quot;:0,&quot;max_num_pages&quot;:1,&quot;pagination&quot;:&quot;none&quot;,&quot;template_vars&quot;:{&quot;columns&quot;:&quot;3&quot;,&quot;exclude_items&quot;:&quot;none&quot;,&quot;img_size&quot;:&quot;default&quot;,&quot;ignore_items_size&quot;:0,&quot;items_layout&quot;:&quot;1780&quot;,&quot;items_offset&quot;:&quot;1&quot;,&quot;load_animation&quot;:&quot;none&quot;,&quot;overriding_link&quot;:&quot;%7B%22url%22%3A%22%22%7D&quot;,&quot;post_id&quot;:0,&quot;query_args&quot;:{&quot;post_type&quot;:[&quot;paper&quot;],&quot;post_status&quot;:[&quot;publish&quot;,&quot;acf-disabled&quot;],&quot;posts_per_page&quot;:&quot;50&quot;},&quot;orderby_query_args&quot;:{&quot;orderby&quot;:{&quot;date&quot;:&quot;DESC&quot;}},&quot;type&quot;:&quot;grid&quot;,&quot;us_grid_post_type&quot;:&quot;paper&quot;,&quot;us_grid_ajax_index&quot;:1,&quot;us_grid_filter_query_string&quot;:null,&quot;us_grid_index&quot;:1,&quot;page_args&quot;:[],&quot;lang&quot;:&quot;en&quot;}}'><\/div>\r\n\t<\/div><\/div><\/div><\/div><\/div><\/section>\n","protected":false},"excerpt":{"rendered":"Digitale Transformation f\u00fcr KMU Die \u201edigitale Transformation\u201c hilft Unternehmen aktuelle Herausforderungen bei Themen wie IT-Security, Skalierbarkeit und Flexibilita\u0308t, Fachkra\u0308ftemangel und die Anforderungen an heterogene IT-Landschaften zu meistern \u2013 mit dem Ziel am Markt langfristig wettbewerbsfa\u0308hig zu bleiben. Neue Gescha\u0308ftsfelder und Einnahmequellen ko\u0308nnen erschlossen werden, indem innovative Technologien und digitale Plattformen genutzt und ausgebaut werden. Der...","protected":false},"author":7,"featured_media":0,"parent":0,"menu_order":0,"comment_status":"closed","ping_status":"closed","template":"","meta":{"_acf_changed":false,"footnotes":""},"bilbliothek":[],"class_list":["post-1813","page","type-page","status-publish","hentry"],"acf":[],"_links":{"self":[{"href":"https:\/\/sti-consulting.com\/en\/wp-json\/wp\/v2\/pages\/1813","targetHints":{"allow":["GET"]}}],"collection":[{"href":"https:\/\/sti-consulting.com\/en\/wp-json\/wp\/v2\/pages"}],"about":[{"href":"https:\/\/sti-consulting.com\/en\/wp-json\/wp\/v2\/types\/page"}],"author":[{"embeddable":true,"href":"https:\/\/sti-consulting.com\/en\/wp-json\/wp\/v2\/users\/7"}],"replies":[{"embeddable":true,"href":"https:\/\/sti-consulting.com\/en\/wp-json\/wp\/v2\/comments?post=1813"}],"version-history":[{"count":0,"href":"https:\/\/sti-consulting.com\/en\/wp-json\/wp\/v2\/pages\/1813\/revisions"}],"wp:attachment":[{"href":"https:\/\/sti-consulting.com\/en\/wp-json\/wp\/v2\/media?parent=1813"}],"wp:term":[{"taxonomy":"bilbliothek","embeddable":true,"href":"https:\/\/sti-consulting.com\/en\/wp-json\/wp\/v2\/bilbliothek?post=1813"}],"curies":[{"name":"wp","href":"https:\/\/api.w.org\/{rel}","templated":true}]}}